{"id":3457,"date":"2020-05-16T13:37:19","date_gmt":"2020-05-16T05:37:19","guid":{"rendered":"https:\/\/focusonpack.com\/?page_id=3457"},"modified":"2025-03-29T16:33:26","modified_gmt":"2025-03-29T08:33:26","slug":"12-head-net-weight-filling-machine","status":"publish","type":"page","link":"https:\/\/focusonpack.com\/pt\/maquina-de-enchimento-de-peso-liquido\/maquina-de-enchimento-de-peso-liquido-com-12-cabecas\/","title":{"rendered":"M\u00e1quina de enchimento de peso l\u00edquido com 12 cabe\u00e7as"},"content":{"rendered":"<div data-elementor-type=\"wp-page\" data-elementor-id=\"3457\" class=\"elementor elementor-3457\" data-elementor-settings=\"[]\">\n\t\t\t<div class=\"elementor-inner\">\n\t\t\t\t<div class=\"elementor-section-wrap\">\n\t\t\t\t\t\t\t<section class=\"elementor-element elementor-element-4403ae65 elementor-section-boxed elementor-section-height-default elementor-section-height-default elementor-section elementor-top-section\" data-id=\"4403ae65\" data-element_type=\"section\">\n\t\t\t\t\t\t<div class=\"elementor-container elementor-column-gap-default\">\n\t\t\t\t<div class=\"elementor-row\">\n\t\t\t\t<div class=\"elementor-element elementor-element-3e1b61d0 elementor-column elementor-col-50 elementor-top-column\" data-id=\"3e1b61d0\" data-element_type=\"column\">\n\t\t\t<div class=\"elementor-column-wrap  elementor-element-populated\">\n\t\t\t\t\t<div class=\"elementor-widget-wrap\">\n\t\t\t\t<div class=\"elementor-element elementor-element-2409a044 elementor-widget elementor-widget-heading\" data-id=\"2409a044\" data-element_type=\"widget\" data-widget_type=\"heading.default\">\n\t\t\t\t<div class=\"elementor-widget-container\">\n\t\t\t<h3 class=\"elementor-heading-title elementor-size-default\">M\u00e1quina de enchimento de peso l\u00edquido com 12 cabe\u00e7as<\/h3>\t\t<\/div>\n\t\t\t\t<\/div>\n\t\t\t\t<div class=\"elementor-element elementor-element-32d26562 elementor-widget elementor-widget-heading\" data-id=\"32d26562\" data-element_type=\"widget\" data-widget_type=\"heading.default\">\n\t\t\t\t<div class=\"elementor-widget-container\">\n\t\t\t<h3 class=\"elementor-heading-title elementor-size-default\">M\u00e1quina de enchimento com 12 cabe\u00e7as de pesagem<\/h3>\t\t<\/div>\n\t\t\t\t<\/div>\n\t\t\t\t<div class=\"elementor-element elementor-element-203c39ef elementor-widget elementor-widget-text-editor\" data-id=\"203c39ef\" data-element_type=\"widget\" data-widget_type=\"text-editor.default\">\n\t\t\t\t<div class=\"elementor-widget-container\">\n\t\t\t\t\t<div class=\"elementor-text-editor elementor-clearfix\"><p>A m\u00e1quina de enchimento de peso l\u00edquido \u00e9 a m\u00e1quina de enchimento mais precisa, garantindo que cada recipiente a ser enchido tenha exatamente a mesma quantidade de produto, mesmo que A m\u00e1quina de enchimento de peso l\u00edquido \u00e9 a m\u00e1quina de enchimento mais precisa, garantindo que cada recipiente a ser enchido tenha exatamente a mesma quantidade de produto, mesmo que mude com a temperatura ou com a varia\u00e7\u00e3o do lote, com uma ampla gama de volume de enchimento. A m\u00e1quina de enchimento de peso l\u00edquido \u00e9 a melhor solu\u00e7\u00e3o para l\u00edquidos de alto e m\u00e9dio valor de fabrico vendidos a peso. produtos qu\u00edmicos de limpeza, solu\u00e7\u00f5es enzim\u00e1ticas, \u00f3leos, tintas s\u00e3o bons exemplos. garantir que os contentores n\u00e3o s\u00e3o enchidos em excesso, nem mesmo um pouco, este enchimento excessivo pode aumentar muito rapidamente e custar-lhe lucros.<\/p><\/div>\n\t\t\t\t<\/div>\n\t\t\t\t<\/div>\n\t\t\t\t<div class=\"elementor-element elementor-element-31f7287c elementor-widget elementor-widget-text-editor\" data-id=\"31f7287c\" data-element_type=\"widget\" data-widget_type=\"text-editor.default\">\n\t\t\t\t<div class=\"elementor-widget-container\">\n\t\t\t\t\t<div class=\"elementor-text-editor elementor-clearfix\"><p>O peso l\u00edquido \u00e9 detectado por uma c\u00e9lula de carga situada por baixo de cada esta\u00e7\u00e3o de enchimento e ligada a um microprocessador. O peso l\u00edquido \u00e9 detectado por uma c\u00e9lula de carga situada por baixo de cada esta\u00e7\u00e3o de enchimento ligada a um microprocessador. Em cada ciclo, o recipiente \u00e9 pesado antes, durante e ap\u00f3s a conclus\u00e3o do enchimento, o que resulta numa elevada precis\u00e3o de enchimento. O nosso equipamento de enchimento de baldes com peso l\u00edquido \u00e9 f\u00e1cil de utilizar e tem um design modular, pelo que se adapta facilmente \u00e0 sua linha de embalagem, e tem a capacidade de encher uma variedade de contentores diferentes, grandes ou pequenos, com muitas formas diferentes.<\/p><\/div>\n\t\t\t\t<\/div>\n\t\t\t\t<\/div>\n\t\t\t\t<div class=\"elementor-element elementor-element-69f836ff elementor-widget elementor-widget-heading\" data-id=\"69f836ff\" data-element_type=\"widget\" data-widget_type=\"heading.default\">\n\t\t\t\t<div class=\"elementor-widget-container\">\n\t\t\t<h3 class=\"elementor-heading-title elementor-size-default\">Carater\u00edsticas principais<\/h3>\t\t<\/div>\n\t\t\t\t<\/div>\n\t\t\t\t<div class=\"elementor-element elementor-element-5ba73739 elementor-widget elementor-widget-text-editor\" data-id=\"5ba73739\" data-element_type=\"widget\" data-widget_type=\"text-editor.default\">\n\t\t\t\t<div class=\"elementor-widget-container\">\n\t\t\t\t\t<div class=\"elementor-text-editor elementor-clearfix\"><p>- Constru\u00e7\u00e3o robusta em a\u00e7o inoxid\u00e1vel<\/p>\n<p>- Produ\u00e7\u00e3o de alta velocidade e volume<\/p>\n<p>- Enchimento de alta precis\u00e3o, menos desperd\u00edcio de produto<\/p>\n<p>- Kit de \u00edndice de engarrafamento autom\u00e1tico com contador de garrafas<\/p>\n<p>- Controlo individual da cabe\u00e7a de enchimento<\/p>\n<p>- Monitor de peso l\u00edquido em tempo real<\/p>\n<p>- Bandeja de recolha<\/p>\n<p>- Controlos PLC de f\u00e1cil utiliza\u00e7\u00e3o com ecr\u00e3 t\u00e1til HMI<\/p>\n<p>- Baixo custo de manuten\u00e7\u00e3o e funcionamento<\/p>\n<p>- Concebida com pe\u00e7as comuns para uma substitui\u00e7\u00e3o f\u00e1cil e r\u00e1pida<\/p>\n<p>- Adapt\u00e1vel a uma variedade de estilos e tamanhos de contentores diferentes<\/p>\n<p>- Sem garrafa, sem enchimento<\/p><\/div>\n\t\t\t\t<\/div>\n\t\t\t\t<\/div>\n\t\t\t\t<div class=\"elementor-element elementor-element-739c3079 elementor-widget elementor-widget-heading\" data-id=\"739c3079\" data-element_type=\"widget\" data-widget_type=\"heading.default\">\n\t\t\t\t<div class=\"elementor-widget-container\">\n\t\t\t<h3 class=\"elementor-heading-title elementor-size-default\">Especifica\u00e7\u00f5es t\u00e9cnicas<\/h3>\t\t<\/div>\n\t\t\t\t<\/div>\n\t\t\t\t<div class=\"elementor-element elementor-element-2521e9a6 elementor-widget elementor-widget-text-editor\" data-id=\"2521e9a6\" data-element_type=\"widget\" data-widget_type=\"text-editor.default\">\n\t\t\t\t<div class=\"elementor-widget-container\">\n\t\t\t\t\t<div class=\"elementor-text-editor elementor-clearfix\"><table style=\"width: 760px;\" border=\"0\" width=\"703\" cellspacing=\"0\" cellpadding=\"0\"><colgroup><col style=\"width: 116.25pt;\" width=\"155\" \/> <col style=\"width: 411.00pt;\" width=\"548\" \/> <\/colgroup>\n<tbody>\n<tr style=\"height: 15.00pt;\">\n<td class=\"et2\" style=\"height: 15.00pt; width: 116.25pt;\" width=\"155\" height=\"20\">N.\u00ba de cabe\u00e7as de enchimento\u00a0<\/td>\n<td class=\"et3\" style=\"width: 411.00pt;\" width=\"548\">12 (Dispon\u00edvel com 4,6,8,10,14,16)<\/td>\n<\/tr>\n<tr style=\"height: 15.00pt;\">\n<td class=\"et2\" style=\"height: 15.00pt;\" height=\"20\">Tamanho do enchimento<\/td>\n<td class=\"et2\">1000-5000ml<\/td>\n<\/tr>\n<tr style=\"height: 15.00pt;\">\n<td class=\"et2\" style=\"height: 15.00pt;\" height=\"20\">Capacidade de produ\u00e7\u00e3o\u00a0<\/td>\n<td class=\"et2\">3000BPH com base em 100ml (dependendo dos caracteres do l\u00edquido e do tamanho do recipiente)<\/td>\n<\/tr>\n<tr style=\"height: 15.00pt;\">\n<td class=\"et2\" style=\"height: 15.00pt;\" height=\"20\">Precis\u00e3o de enchimento\u00a0<\/td>\n<td class=\"et2\">\u00b11%(1000ml),\u00b10.5%(5000ml)<\/td>\n<\/tr>\n<tr style=\"height: 15.00pt;\">\n<td class=\"et2\" style=\"height: 15.00pt;\" height=\"20\">Di\u00e2metro do contentor<\/td>\n<td class=\"et2\">90-160 mm<\/td>\n<\/tr>\n<tr style=\"height: 15.00pt;\">\n<td class=\"et2\" style=\"height: 15.00pt;\" height=\"20\">Altura do contentor<\/td>\n<td class=\"et2\">\u2264350mm<\/td>\n<\/tr>\n<tr style=\"height: 15.00pt;\">\n<td class=\"et2\" style=\"height: 15.00pt;\" height=\"20\">Press\u00e3o do ar\u00a0<\/td>\n<td class=\"et2\">0,6-0,8MPA<\/td>\n<\/tr>\n<tr style=\"height: 15.00pt;\">\n<td class=\"et2\" style=\"height: 15.00pt;\" height=\"20\">Consumo de energia\u00a0<\/td>\n<td class=\"et2\">3,5KW<\/td>\n<\/tr>\n<tr style=\"height: 15.00pt;\">\n<td class=\"et2\" style=\"height: 15.00pt;\" height=\"20\">Fornecimento de eletricidade\u00a0<\/td>\n<td class=\"et2\">220\/110V 50\/60HZ 1PH<\/td>\n<\/tr>\n<tr style=\"height: 15.00pt;\">\n<td class=\"et2\" style=\"height: 15.00pt;\" height=\"20\">Peso da m\u00e1quina\u00a0<\/td>\n<td class=\"et2\">1350 kg<\/td>\n<\/tr>\n<tr style=\"height: 15.00pt;\">\n<td class=\"et2\" style=\"height: 15.00pt;\" height=\"20\">Dimens\u00e3o da m\u00e1quina<\/td>\n<td class=\"et2\">4300x1500x2300mm<\/td>\n<\/tr>\n<\/tbody>\n<\/table><\/div>\n\t\t\t\t<\/div>\n\t\t\t\t<\/div>\n\t\t\t\t<div class=\"elementor-element elementor-element-361db227 elementor-widget elementor-widget-text-editor\" data-id=\"361db227\" data-element_type=\"widget\" data-widget_type=\"text-editor.default\">\n\t\t\t\t<div class=\"elementor-widget-container\">\n\t\t\t\t\t<div class=\"elementor-text-editor elementor-clearfix\"><p>* As especifica\u00e7\u00f5es est\u00e3o sujeitas a altera\u00e7\u00f5es sem aviso pr\u00e9vio, Todos os direitos reservados.<\/p><\/div>\n\t\t\t\t<\/div>\n\t\t\t\t<\/div>\n\t\t\t\t<div class=\"elementor-element elementor-element-6a4f3a6c elementor-widget elementor-widget-heading\" data-id=\"6a4f3a6c\" data-element_type=\"widget\" data-widget_type=\"heading.default\">\n\t\t\t\t<div class=\"elementor-widget-container\">\n\t\t\t<h3 class=\"elementor-heading-title elementor-size-default\">Como escolher o peso l\u00edquido de enchimento<\/h3>\t\t<\/div>\n\t\t\t\t<\/div>\n\t\t\t\t<div class=\"elementor-element elementor-element-47dce0d7 elementor-widget elementor-widget-text-editor\" data-id=\"47dce0d7\" data-element_type=\"widget\" data-widget_type=\"text-editor.default\">\n\t\t\t\t<div class=\"elementor-widget-container\">\n\t\t\t\t\t<div class=\"elementor-text-editor elementor-clearfix\"><p>O rendimento depende do tamanho do enchimento, da viscosidade do l\u00edquido e do tipo de recipiente. Dispon\u00edvel com 4, 6, 8, 10, 12, 14, 16<\/p>\n<p>cabe\u00e7a de enchimento, se n\u00e3o tiver a certeza de como escolher, informe-nos e a nossa equipa de profissionais dar-lhe-\u00e1<\/p>\n<p>aconselhamento espec\u00edfico sobre a m\u00e1quina de arquivo mais adequada \u00e0s suas necessidades.<\/p>\n<p>- Qual o produto a encher<\/p>\n<p>- Qual a capacidade de produ\u00e7\u00e3o a atingir<\/p>\n<p>- Qual o material e a forma dos contentores<\/p>\n<p>- Qual o tamanho a encher<\/p><\/div>\n\t\t\t\t<\/div>\n\t\t\t\t<\/div>\n\t\t\t\t\t\t<\/div>\n\t\t\t<\/div>\n\t\t<\/div>\n\t\t\t\t<div class=\"elementor-element elementor-element-1faada86 elementor-column elementor-col-50 elementor-top-column\" data-id=\"1faada86\" data-element_type=\"column\">\n\t\t\t<div class=\"elementor-column-wrap  elementor-element-populated\">\n\t\t\t\t\t<div class=\"elementor-widget-wrap\">\n\t\t\t\t<div class=\"elementor-element elementor-element-4c2af956 elementor-widget elementor-widget-spacer\" data-id=\"4c2af956\" data-element_type=\"widget\" data-widget_type=\"spacer.default\">\n\t\t\t\t<div class=\"elementor-widget-container\">\n\t\t\t\t\t<div class=\"elementor-spacer\">\n\t\t\t<div class=\"elementor-spacer-inner\"><\/div>\n\t\t<\/div>\n\t\t\t\t<\/div>\n\t\t\t\t<\/div>\n\t\t\t\t<div class=\"elementor-element elementor-element-18cf2dc1 elementor-widget elementor-widget-image\" data-id=\"18cf2dc1\" data-element_type=\"widget\" data-widget_type=\"image.default\">\n\t\t\t\t<div class=\"elementor-widget-container\">\n\t\t\t\t\t<div class=\"elementor-image\">\n\t\t\t\t\t\t\t\t\t\t<img loading=\"lazy\" decoding=\"async\" width=\"362\" height=\"252\" src=\"https:\/\/focusonpack.com\/wp-content\/uploads\/2023\/07\/12head-net0.jpg\" class=\"elementor-animation-grow attachment-full size-full\" alt=\"\" srcset=\"https:\/\/focusonpack.com\/wp-content\/uploads\/2023\/07\/12head-net0.jpg 362w, https:\/\/focusonpack.com\/wp-content\/uploads\/2023\/07\/12head-net0-300x209.jpg 300w\" sizes=\"auto, (max-width: 362px) 100vw, 362px\" \/>\t\t\t\t\t\t\t\t\t\t\t<\/div>\n\t\t\t\t<\/div>\n\t\t\t\t<\/div>\n\t\t\t\t<div class=\"elementor-element elementor-element-241ecf63 elementor-button-info elementor-align-center elementor-widget elementor-widget-button\" data-id=\"241ecf63\" data-element_type=\"widget\" data-widget_type=\"button.default\">\n\t\t\t\t<div class=\"elementor-widget-container\">\n\t\t\t\t\t<div class=\"elementor-button-wrapper\">\n\t\t\t<a href=\"https:\/\/focusonpack.com\/pt\/contactar-nos\/\" class=\"elementor-button-link elementor-button elementor-size-sm\" role=\"button\">\n\t\t\t\t\t\t<span class=\"elementor-button-content-wrapper\">\n\t\t\t\t\t\t<span class=\"elementor-button-text\">Pedir um or\u00e7amento<\/span>\n\t\t<\/span>\n\t\t\t\t\t<\/a>\n\t\t<\/div>\n\t\t\t\t<\/div>\n\t\t\t\t<\/div>\n\t\t\t\t\t\t<\/div>\n\t\t\t<\/div>\n\t\t<\/div>\n\t\t\t\t\t\t<\/div>\n\t\t\t<\/div>\n\t\t<\/section>\n\t\t\t\t\t\t<\/div>\n\t\t\t<\/div>\n\t\t<\/div>","protected":false},"excerpt":{"rendered":"<p>12 Head Net Weight Filling Mac&hellip;<\/p>","protected":false},"author":1,"featured_media":0,"parent":2494,"menu_order":0,"comment_status":"closed","ping_status":"closed","template":"elementor_header_footer","meta":{"footnotes":""},"class_list":["post-3457","page","type-page","status-publish","hentry","no-thumb"],"yoast_head":"<!-- This site is optimized with the Yoast SEO plugin v24.8.1 - https:\/\/yoast.com\/wordpress\/plugins\/seo\/ -->\n<title>12 Head Net Weight Filling Machine - Focus on pack<\/title>\n<meta name=\"robots\" content=\"index, follow, max-snippet:-1, max-image-preview:large, max-video-preview:-1\" \/>\n<link rel=\"canonical\" href=\"https:\/\/focusonpack.com\/pt\/maquina-de-enchimento-de-peso-liquido\/maquina-de-enchimento-de-peso-liquido-com-12-cabecas\/\" \/>\n<meta property=\"og:locale\" content=\"pt_PT\" \/>\n<meta property=\"og:type\" content=\"article\" \/>\n<meta property=\"og:title\" content=\"12 Head Net Weight Filling Machine - Focus on pack\" \/>\n<meta property=\"og:description\" content=\"12 Head Net Weight Filling Mac&hellip;\" \/>\n<meta property=\"og:url\" content=\"https:\/\/focusonpack.com\/pt\/maquina-de-enchimento-de-peso-liquido\/maquina-de-enchimento-de-peso-liquido-com-12-cabecas\/\" \/>\n<meta property=\"og:site_name\" content=\"Focus on pack\" \/>\n<meta property=\"article:modified_time\" content=\"2025-03-29T08:33:26+00:00\" \/>\n<meta property=\"og:image\" content=\"https:\/\/focusonpack.com\/wp-content\/uploads\/2023\/07\/12head-net0.jpg\" \/>\n<meta name=\"twitter:card\" content=\"summary_large_image\" \/>\n<meta name=\"twitter:label1\" content=\"Est. reading time\" \/>\n\t<meta name=\"twitter:data1\" content=\"3 minutos\" \/>\n<script type=\"application\/ld+json\" class=\"yoast-schema-graph\">{\"@context\":\"https:\/\/schema.org\",\"@graph\":[{\"@type\":\"WebPage\",\"@id\":\"https:\/\/focusonpack.com\/net-weight-filling-machine\/12-head-net-weight-filling-machine\/\",\"url\":\"https:\/\/focusonpack.com\/net-weight-filling-machine\/12-head-net-weight-filling-machine\/\",\"name\":\"12 Head Net Weight Filling Machine - Focus on pack\",\"isPartOf\":{\"@id\":\"https:\/\/focusonpack.com\/#website\"},\"primaryImageOfPage\":{\"@id\":\"https:\/\/focusonpack.com\/net-weight-filling-machine\/12-head-net-weight-filling-machine\/#primaryimage\"},\"image\":{\"@id\":\"https:\/\/focusonpack.com\/net-weight-filling-machine\/12-head-net-weight-filling-machine\/#primaryimage\"},\"thumbnailUrl\":\"https:\/\/focusonpack.com\/wp-content\/uploads\/2023\/07\/12head-net0.jpg\",\"datePublished\":\"2020-05-16T05:37:19+00:00\",\"dateModified\":\"2025-03-29T08:33:26+00:00\",\"breadcrumb\":{\"@id\":\"https:\/\/focusonpack.com\/net-weight-filling-machine\/12-head-net-weight-filling-machine\/#breadcrumb\"},\"inLanguage\":\"pt-PT\",\"potentialAction\":[{\"@type\":\"ReadAction\",\"target\":[\"https:\/\/focusonpack.com\/net-weight-filling-machine\/12-head-net-weight-filling-machine\/\"]}]},{\"@type\":\"ImageObject\",\"inLanguage\":\"pt-PT\",\"@id\":\"https:\/\/focusonpack.com\/net-weight-filling-machine\/12-head-net-weight-filling-machine\/#primaryimage\",\"url\":\"https:\/\/focusonpack.com\/wp-content\/uploads\/2023\/07\/12head-net0.jpg\",\"contentUrl\":\"https:\/\/focusonpack.com\/wp-content\/uploads\/2023\/07\/12head-net0.jpg\"},{\"@type\":\"BreadcrumbList\",\"@id\":\"https:\/\/focusonpack.com\/net-weight-filling-machine\/12-head-net-weight-filling-machine\/#breadcrumb\",\"itemListElement\":[{\"@type\":\"ListItem\",\"position\":1,\"name\":\"\u9996\u9875\",\"item\":\"https:\/\/focusonpack.com\/\"},{\"@type\":\"ListItem\",\"position\":2,\"name\":\"Net Weight Filling Machine\",\"item\":\"https:\/\/focusonpack.com\/net-weight-filling-machine\/\"},{\"@type\":\"ListItem\",\"position\":3,\"name\":\"12 Head Net Weight Filling Machine\"}]},{\"@type\":\"WebSite\",\"@id\":\"https:\/\/focusonpack.com\/#website\",\"url\":\"https:\/\/focusonpack.com\/\",\"name\":\"Focus on pack\",\"description\":\"\",\"potentialAction\":[{\"@type\":\"SearchAction\",\"target\":{\"@type\":\"EntryPoint\",\"urlTemplate\":\"https:\/\/focusonpack.com\/?s={search_term_string}\"},\"query-input\":{\"@type\":\"PropertyValueSpecification\",\"valueRequired\":true,\"valueName\":\"search_term_string\"}}],\"inLanguage\":\"pt-PT\"}]}<\/script>\n<!-- \/ Yoast SEO plugin. -->","yoast_head_json":{"title":"12 Head Net Weight Filling Machine - Focus on pack","robots":{"index":"index","follow":"follow","max-snippet":"max-snippet:-1","max-image-preview":"max-image-preview:large","max-video-preview":"max-video-preview:-1"},"canonical":"https:\/\/focusonpack.com\/pt\/maquina-de-enchimento-de-peso-liquido\/maquina-de-enchimento-de-peso-liquido-com-12-cabecas\/","og_locale":"pt_PT","og_type":"article","og_title":"12 Head Net Weight Filling Machine - Focus on pack","og_description":"12 Head Net Weight Filling Mac&hellip;","og_url":"https:\/\/focusonpack.com\/pt\/maquina-de-enchimento-de-peso-liquido\/maquina-de-enchimento-de-peso-liquido-com-12-cabecas\/","og_site_name":"Focus on pack","article_modified_time":"2025-03-29T08:33:26+00:00","og_image":[{"url":"https:\/\/focusonpack.com\/wp-content\/uploads\/2023\/07\/12head-net0.jpg","type":"","width":"","height":""}],"twitter_card":"summary_large_image","twitter_misc":{"Est. reading time":"3 minutos"},"schema":{"@context":"https:\/\/schema.org","@graph":[{"@type":"WebPage","@id":"https:\/\/focusonpack.com\/net-weight-filling-machine\/12-head-net-weight-filling-machine\/","url":"https:\/\/focusonpack.com\/net-weight-filling-machine\/12-head-net-weight-filling-machine\/","name":"12 Head Net Weight Filling Machine - Focus on pack","isPartOf":{"@id":"https:\/\/focusonpack.com\/#website"},"primaryImageOfPage":{"@id":"https:\/\/focusonpack.com\/net-weight-filling-machine\/12-head-net-weight-filling-machine\/#primaryimage"},"image":{"@id":"https:\/\/focusonpack.com\/net-weight-filling-machine\/12-head-net-weight-filling-machine\/#primaryimage"},"thumbnailUrl":"https:\/\/focusonpack.com\/wp-content\/uploads\/2023\/07\/12head-net0.jpg","datePublished":"2020-05-16T05:37:19+00:00","dateModified":"2025-03-29T08:33:26+00:00","breadcrumb":{"@id":"https:\/\/focusonpack.com\/net-weight-filling-machine\/12-head-net-weight-filling-machine\/#breadcrumb"},"inLanguage":"pt-PT","potentialAction":[{"@type":"ReadAction","target":["https:\/\/focusonpack.com\/net-weight-filling-machine\/12-head-net-weight-filling-machine\/"]}]},{"@type":"ImageObject","inLanguage":"pt-PT","@id":"https:\/\/focusonpack.com\/net-weight-filling-machine\/12-head-net-weight-filling-machine\/#primaryimage","url":"https:\/\/focusonpack.com\/wp-content\/uploads\/2023\/07\/12head-net0.jpg","contentUrl":"https:\/\/focusonpack.com\/wp-content\/uploads\/2023\/07\/12head-net0.jpg"},{"@type":"BreadcrumbList","@id":"https:\/\/focusonpack.com\/net-weight-filling-machine\/12-head-net-weight-filling-machine\/#breadcrumb","itemListElement":[{"@type":"ListItem","position":1,"name":"\u9996\u9875","item":"https:\/\/focusonpack.com\/"},{"@type":"ListItem","position":2,"name":"Net Weight Filling Machine","item":"https:\/\/focusonpack.com\/net-weight-filling-machine\/"},{"@type":"ListItem","position":3,"name":"12 Head Net Weight Filling Machine"}]},{"@type":"WebSite","@id":"https:\/\/focusonpack.com\/#website","url":"https:\/\/focusonpack.com\/","name":"Focus on pack","description":"","potentialAction":[{"@type":"SearchAction","target":{"@type":"EntryPoint","urlTemplate":"https:\/\/focusonpack.com\/?s={search_term_string}"},"query-input":{"@type":"PropertyValueSpecification","valueRequired":true,"valueName":"search_term_string"}}],"inLanguage":"pt-PT"}]}},"_links":{"self":[{"href":"https:\/\/focusonpack.com\/pt\/wp-json\/wp\/v2\/pages\/3457","targetHints":{"allow":["GET"]}}],"collection":[{"href":"https:\/\/focusonpack.com\/pt\/wp-json\/wp\/v2\/pages"}],"about":[{"href":"https:\/\/focusonpack.com\/pt\/wp-json\/wp\/v2\/types\/page"}],"author":[{"embeddable":true,"href":"https:\/\/focusonpack.com\/pt\/wp-json\/wp\/v2\/users\/1"}],"replies":[{"embeddable":true,"href":"https:\/\/focusonpack.com\/pt\/wp-json\/wp\/v2\/comments?post=3457"}],"version-history":[{"count":13,"href":"https:\/\/focusonpack.com\/pt\/wp-json\/wp\/v2\/pages\/3457\/revisions"}],"predecessor-version":[{"id":4633,"href":"https:\/\/focusonpack.com\/pt\/wp-json\/wp\/v2\/pages\/3457\/revisions\/4633"}],"up":[{"embeddable":true,"href":"https:\/\/focusonpack.com\/pt\/wp-json\/wp\/v2\/pages\/2494"}],"wp:attachment":[{"href":"https:\/\/focusonpack.com\/pt\/wp-json\/wp\/v2\/media?parent=3457"}],"curies":[{"name":"wp","href":"https:\/\/api.w.org\/{rel}","templated":true}]}}