{"id":3458,"date":"2020-05-16T13:37:21","date_gmt":"2020-05-16T05:37:21","guid":{"rendered":"https:\/\/focusonpack.com\/?page_id=3458"},"modified":"2025-03-29T16:07:32","modified_gmt":"2025-03-29T08:07:32","slug":"4-head-net-weight-filling-machine","status":"publish","type":"page","link":"https:\/\/focusonpack.com\/pt\/maquina-de-enchimento-de-peso-liquido\/4-head-net-weight-filling-machine\/","title":{"rendered":"4 Head Net Weight Filling Machine"},"content":{"rendered":"<div data-elementor-type=\"wp-page\" data-elementor-id=\"3458\" class=\"elementor elementor-3458\" data-elementor-settings=\"[]\">\n\t\t\t<div class=\"elementor-inner\">\n\t\t\t\t<div class=\"elementor-section-wrap\">\n\t\t\t\t\t\t\t<section class=\"elementor-element elementor-element-2f4fb2a3 elementor-section-boxed elementor-section-height-default elementor-section-height-default elementor-section elementor-top-section\" data-id=\"2f4fb2a3\" data-element_type=\"section\">\n\t\t\t\t\t\t<div class=\"elementor-container elementor-column-gap-default\">\n\t\t\t\t<div class=\"elementor-row\">\n\t\t\t\t<div class=\"elementor-element elementor-element-70a408f9 elementor-column elementor-col-50 elementor-top-column\" data-id=\"70a408f9\" data-element_type=\"column\">\n\t\t\t<div class=\"elementor-column-wrap  elementor-element-populated\">\n\t\t\t\t\t<div class=\"elementor-widget-wrap\">\n\t\t\t\t<div class=\"elementor-element elementor-element-576c0c3f elementor-widget elementor-widget-heading\" data-id=\"576c0c3f\" data-element_type=\"widget\" data-widget_type=\"heading.default\">\n\t\t\t\t<div class=\"elementor-widget-container\">\n\t\t\t<h3 class=\"elementor-heading-title elementor-size-default\">4 Head Net Weight Filling Machine<\/h3>\t\t<\/div>\n\t\t\t\t<\/div>\n\t\t\t\t<div class=\"elementor-element elementor-element-4c8fcede elementor-widget elementor-widget-heading\" data-id=\"4c8fcede\" data-element_type=\"widget\" data-widget_type=\"heading.default\">\n\t\t\t\t<div class=\"elementor-widget-container\">\n\t\t\t<h3 class=\"elementor-heading-title elementor-size-default\">4 Head Weighing\/Weigh Filling Machine<\/h3>\t\t<\/div>\n\t\t\t\t<\/div>\n\t\t\t\t<div class=\"elementor-element elementor-element-55b0c787 elementor-widget elementor-widget-text-editor\" data-id=\"55b0c787\" data-element_type=\"widget\" data-widget_type=\"text-editor.default\">\n\t\t\t\t<div class=\"elementor-widget-container\">\n\t\t\t\t\t<div class=\"elementor-text-editor elementor-clearfix\"><p>Net weight filler is best suited for liquids to be filled in bulk quantities e.g. 5 gallon pails, etc. or smaller quantity products that have a very high manufactured value. Oftentimes there are products that must be sold by weight for commercial reasons and therefore this filling machine is the only choice. Examples of this type of filler for bulk products include cleaning chemicals, enzyme solutions, oils and other medium value products. High value products filled by these machines include specialty adhesives and paints, precious metals dissolved in acids, and other expensive specialty chemicals.<\/p><\/div>\n\t\t\t\t<\/div>\n\t\t\t\t<\/div>\n\t\t\t\t<div class=\"elementor-element elementor-element-3688c433 elementor-widget elementor-widget-text-editor\" data-id=\"3688c433\" data-element_type=\"widget\" data-widget_type=\"text-editor.default\">\n\t\t\t\t<div class=\"elementor-widget-container\">\n\t\t\t\t\t<div class=\"elementor-text-editor elementor-clearfix\"><p>The operation of this type of net weight drum filling machine is simple. The product bulk supply is pumped into a holding tank above a pneumatically operated valve. Cleaned containers are conveyed to the filling machine through an SS slat conveyor, positioned on individual load cell platform and tared. the valves open and real time net weight information is monitored until the target weight is achieved. The valve simply shuts when the target weight is achieved. Accuracy of fills is accomplished by various &#8220;bulk and dribble&#8221; methods in the filling process so that overfills are avoided.<\/p><\/div>\n\t\t\t\t<\/div>\n\t\t\t\t<\/div>\n\t\t\t\t<div class=\"elementor-element elementor-element-5e38c95 elementor-widget elementor-widget-text-editor\" data-id=\"5e38c95\" data-element_type=\"widget\" data-widget_type=\"text-editor.default\">\n\t\t\t\t<div class=\"elementor-widget-container\">\n\t\t\t\t\t<div class=\"elementor-text-editor elementor-clearfix\"><p>The advantage of this bucket filling machine over others is that it is sometimes the only practical (and legal) type of filling for a limited range of applications and for large volume fills. It is also very accurate and effectively provides its own quality control assuming the scale is functioning properly. The disadvantage of this type of filling machine is that it is very expensive per filling head. For these reasons, the use of this filling technology is limited to the examples outlined above.<\/p><\/div>\n\t\t\t\t<\/div>\n\t\t\t\t<\/div>\n\t\t\t\t<div class=\"elementor-element elementor-element-1d3ae475 elementor-widget elementor-widget-heading\" data-id=\"1d3ae475\" data-element_type=\"widget\" data-widget_type=\"heading.default\">\n\t\t\t\t<div class=\"elementor-widget-container\">\n\t\t\t<h3 class=\"elementor-heading-title elementor-size-default\">Carater\u00edsticas principais<\/h3>\t\t<\/div>\n\t\t\t\t<\/div>\n\t\t\t\t<div class=\"elementor-element elementor-element-3d61b115 elementor-widget elementor-widget-text-editor\" data-id=\"3d61b115\" data-element_type=\"widget\" data-widget_type=\"text-editor.default\">\n\t\t\t\t<div class=\"elementor-widget-container\">\n\t\t\t\t\t<div class=\"elementor-text-editor elementor-clearfix\"><p>- Constru\u00e7\u00e3o robusta em a\u00e7o inoxid\u00e1vel<\/p><p>- Produ\u00e7\u00e3o de alta velocidade e volume<\/p><p>- Enchimento de alta precis\u00e3o, menos desperd\u00edcio de produto<\/p><p>- Kit de \u00edndice de engarrafamento autom\u00e1tico com contador de garrafas<\/p><p>- Controlo individual da cabe\u00e7a de enchimento<\/p><p>- Monitor de peso l\u00edquido em tempo real<\/p><p>- Bandeja de recolha<\/p><p>- Controlos PLC de f\u00e1cil utiliza\u00e7\u00e3o com ecr\u00e3 t\u00e1til HMI<\/p><p>- Baixo custo de manuten\u00e7\u00e3o e funcionamento<\/p><p>- Concebida com pe\u00e7as comuns para uma substitui\u00e7\u00e3o f\u00e1cil e r\u00e1pida<\/p><p>- Adapt\u00e1vel a uma variedade de estilos e tamanhos de contentores diferentes<\/p><p>- Sem garrafa, sem enchimento<\/p><\/div>\n\t\t\t\t<\/div>\n\t\t\t\t<\/div>\n\t\t\t\t<div class=\"elementor-element elementor-element-c4b9ae9 elementor-widget elementor-widget-heading\" data-id=\"c4b9ae9\" data-element_type=\"widget\" data-widget_type=\"heading.default\">\n\t\t\t\t<div class=\"elementor-widget-container\">\n\t\t\t<h3 class=\"elementor-heading-title elementor-size-default\">Especifica\u00e7\u00f5es t\u00e9cnicas<\/h3>\t\t<\/div>\n\t\t\t\t<\/div>\n\t\t\t\t<div class=\"elementor-element elementor-element-1d9697e0 elementor-widget elementor-widget-text-editor\" data-id=\"1d9697e0\" data-element_type=\"widget\" data-widget_type=\"text-editor.default\">\n\t\t\t\t<div class=\"elementor-widget-container\">\n\t\t\t\t\t<div class=\"elementor-text-editor elementor-clearfix\"><table style=\"width: 527.27pt;\" border=\"0\" width=\"703\" cellspacing=\"0\" cellpadding=\"0\"><colgroup><col style=\"width: 116.25pt;\" width=\"155\" \/> <col style=\"width: 411.00pt;\" width=\"548\" \/> <\/colgroup><tbody><tr style=\"height: 15.00pt;\"><td class=\"et2\" style=\"height: 15.00pt; width: 116.25pt;\" width=\"155\" height=\"20\">N.\u00ba de cabe\u00e7as de enchimento\u00a0<\/td><td class=\"et3\" style=\"width: 411.00pt;\" width=\"548\">4(Available with 4,6,8,10,12)<\/td><\/tr><tr style=\"height: 15.00pt;\"><td class=\"et2\" style=\"height: 15.00pt;\" height=\"20\">Tamanho do enchimento<\/td><td class=\"et2\">10-25 Liter<\/td><\/tr><tr style=\"height: 15.00pt;\"><td class=\"et2\" style=\"height: 15.00pt;\" height=\"20\">Capacidade de produ\u00e7\u00e3o\u00a0<\/td><td class=\"et2\">600BPH<\/td><\/tr><tr style=\"height: 15.00pt;\"><td class=\"et2\" style=\"height: 15.00pt;\" height=\"20\">Precis\u00e3o de enchimento\u00a0<\/td><td class=\"et2\">\u00b120ml<\/td><\/tr><tr style=\"height: 15.00pt;\"><td class=\"et2\" style=\"height: 15.00pt;\" height=\"20\">Container Size\u00a0<\/td><td class=\"et2\">Length \u2264 350mm,Width \u2264280mm<\/td><\/tr><tr style=\"height: 15.00pt;\"><td class=\"et2\" style=\"height: 15.00pt;\" height=\"20\">Altura do contentor<\/td><td class=\"et2\">\u2264450mmmm<\/td><\/tr><tr style=\"height: 15.00pt;\"><td class=\"et2\" style=\"height: 15.00pt;\" height=\"20\">Press\u00e3o do ar\u00a0<\/td><td class=\"et2\">0,6-0,8MPA<\/td><\/tr><tr style=\"height: 15.00pt;\"><td class=\"et2\" style=\"height: 15.00pt;\" height=\"20\">Consumo de energia\u00a0<\/td><td class=\"et2\">3,5KW<\/td><\/tr><tr style=\"height: 15.00pt;\"><td class=\"et2\" style=\"height: 15.00pt;\" height=\"20\">Fornecimento de eletricidade\u00a0<\/td><td class=\"et2\">220\/110V 50\/60HZ 1PH<\/td><\/tr><tr style=\"height: 15.00pt;\"><td class=\"et2\" style=\"height: 15.00pt;\" height=\"20\">Peso da m\u00e1quina\u00a0<\/td><td class=\"et2\">1250kgs<\/td><\/tr><tr style=\"height: 15.00pt;\"><td class=\"et2\" style=\"height: 15.00pt;\" height=\"20\">Dimens\u00e3o da m\u00e1quina<\/td><td class=\"et2\">2700x1900x2500mm<\/td><\/tr><\/tbody><\/table><\/div>\n\t\t\t\t<\/div>\n\t\t\t\t<\/div>\n\t\t\t\t<div class=\"elementor-element elementor-element-5e079e72 elementor-widget elementor-widget-text-editor\" data-id=\"5e079e72\" data-element_type=\"widget\" data-widget_type=\"text-editor.default\">\n\t\t\t\t<div class=\"elementor-widget-container\">\n\t\t\t\t\t<div class=\"elementor-text-editor elementor-clearfix\"><p>* As especifica\u00e7\u00f5es est\u00e3o sujeitas a altera\u00e7\u00f5es sem aviso pr\u00e9vio, Todos os direitos reservados.<\/p><\/div>\n\t\t\t\t<\/div>\n\t\t\t\t<\/div>\n\t\t\t\t<div class=\"elementor-element elementor-element-41cd8efc elementor-widget elementor-widget-heading\" data-id=\"41cd8efc\" data-element_type=\"widget\" data-widget_type=\"heading.default\">\n\t\t\t\t<div class=\"elementor-widget-container\">\n\t\t\t<h3 class=\"elementor-heading-title elementor-size-default\">How to choose net weight filling machine<\/h3>\t\t<\/div>\n\t\t\t\t<\/div>\n\t\t\t\t<div class=\"elementor-element elementor-element-26f6dc65 elementor-widget elementor-widget-text-editor\" data-id=\"26f6dc65\" data-element_type=\"widget\" data-widget_type=\"text-editor.default\">\n\t\t\t\t<div class=\"elementor-widget-container\">\n\t\t\t\t\t<div class=\"elementor-text-editor elementor-clearfix\"><p>Output depends on fill size,viscosity of the liquid and type of container, Available with 6, 8, 10, 12, 14, 16 filling head, if you are unsure how to choose, please let us know and our professional team will give you specific advice on the best filing machine to fit your requirements.<\/p><p>- Qual o produto a encher<\/p><p>- Qual a capacidade de produ\u00e7\u00e3o a atingir<\/p><p>- Qual o material e a forma dos contentores<\/p><p>- Qual o tamanho a encher<\/p><\/div>\n\t\t\t\t<\/div>\n\t\t\t\t<\/div>\n\t\t\t\t\t\t<\/div>\n\t\t\t<\/div>\n\t\t<\/div>\n\t\t\t\t<div class=\"elementor-element elementor-element-6d7ffe21 elementor-column elementor-col-50 elementor-top-column\" data-id=\"6d7ffe21\" data-element_type=\"column\">\n\t\t\t<div class=\"elementor-column-wrap  elementor-element-populated\">\n\t\t\t\t\t<div class=\"elementor-widget-wrap\">\n\t\t\t\t<div class=\"elementor-element elementor-element-4d8cc7d1 elementor-widget elementor-widget-spacer\" data-id=\"4d8cc7d1\" data-element_type=\"widget\" data-widget_type=\"spacer.default\">\n\t\t\t\t<div class=\"elementor-widget-container\">\n\t\t\t\t\t<div class=\"elementor-spacer\">\n\t\t\t<div class=\"elementor-spacer-inner\"><\/div>\n\t\t<\/div>\n\t\t\t\t<\/div>\n\t\t\t\t<\/div>\n\t\t\t\t<div class=\"elementor-element elementor-element-173360e8 elementor-widget elementor-widget-image\" data-id=\"173360e8\" data-element_type=\"widget\" data-widget_type=\"image.default\">\n\t\t\t\t<div class=\"elementor-widget-container\">\n\t\t\t\t\t<div class=\"elementor-image\">\n\t\t\t\t\t\t\t\t\t\t<img loading=\"lazy\" decoding=\"async\" width=\"310\" height=\"204\" src=\"https:\/\/focusonpack.com\/wp-content\/uploads\/2023\/07\/Piston-Filling-Machine-2-2.jpg\" class=\"elementor-animation-grow attachment-full size-full\" alt=\"\" srcset=\"https:\/\/focusonpack.com\/wp-content\/uploads\/2023\/07\/Piston-Filling-Machine-2-2.jpg 310w, https:\/\/focusonpack.com\/wp-content\/uploads\/2023\/07\/Piston-Filling-Machine-2-2-300x197.jpg 300w\" sizes=\"auto, (max-width: 310px) 100vw, 310px\" \/>\t\t\t\t\t\t\t\t\t\t\t<\/div>\n\t\t\t\t<\/div>\n\t\t\t\t<\/div>\n\t\t\t\t<div class=\"elementor-element elementor-element-77850ac2 elementor-button-info elementor-align-center elementor-widget elementor-widget-button\" data-id=\"77850ac2\" data-element_type=\"widget\" data-widget_type=\"button.default\">\n\t\t\t\t<div class=\"elementor-widget-container\">\n\t\t\t\t\t<div class=\"elementor-button-wrapper\">\n\t\t\t<a href=\"https:\/\/focusonpack.com\/pt\/contactar-nos\/\" class=\"elementor-button-link elementor-button elementor-size-sm\" role=\"button\">\n\t\t\t\t\t\t<span class=\"elementor-button-content-wrapper\">\n\t\t\t\t\t\t<span class=\"elementor-button-text\">Pedir um or\u00e7amento<\/span>\n\t\t<\/span>\n\t\t\t\t\t<\/a>\n\t\t<\/div>\n\t\t\t\t<\/div>\n\t\t\t\t<\/div>\n\t\t\t\t\t\t<\/div>\n\t\t\t<\/div>\n\t\t<\/div>\n\t\t\t\t\t\t<\/div>\n\t\t\t<\/div>\n\t\t<\/section>\n\t\t\t\t\t\t<\/div>\n\t\t\t<\/div>\n\t\t<\/div>","protected":false},"excerpt":{"rendered":"<p>4 Head Net Weight Filling Mach&hellip;<\/p>","protected":false},"author":1,"featured_media":0,"parent":2494,"menu_order":0,"comment_status":"closed","ping_status":"closed","template":"elementor_header_footer","meta":{"footnotes":""},"class_list":["post-3458","page","type-page","status-publish","hentry","no-thumb"],"yoast_head":"<!-- This site is optimized with the Yoast SEO plugin v24.8.1 - https:\/\/yoast.com\/wordpress\/plugins\/seo\/ -->\n<title>4 Head Net Weight Filling Machine - Focus on pack<\/title>\n<meta name=\"robots\" content=\"index, follow, max-snippet:-1, max-image-preview:large, max-video-preview:-1\" \/>\n<link rel=\"canonical\" href=\"https:\/\/focusonpack.com\/pt\/maquina-de-enchimento-de-peso-liquido\/4-head-net-weight-filling-machine\/\" \/>\n<meta property=\"og:locale\" content=\"pt_PT\" \/>\n<meta property=\"og:type\" content=\"article\" \/>\n<meta property=\"og:title\" content=\"4 Head Net Weight Filling Machine - Focus on pack\" \/>\n<meta property=\"og:description\" content=\"4 Head Net Weight Filling Mach&hellip;\" \/>\n<meta property=\"og:url\" content=\"https:\/\/focusonpack.com\/pt\/maquina-de-enchimento-de-peso-liquido\/4-head-net-weight-filling-machine\/\" \/>\n<meta property=\"og:site_name\" content=\"Focus on pack\" \/>\n<meta property=\"article:modified_time\" content=\"2025-03-29T08:07:32+00:00\" \/>\n<meta property=\"og:image\" content=\"https:\/\/focusonpack.com\/wp-content\/uploads\/2023\/07\/Piston-Filling-Machine-2-2.jpg\" \/>\n<meta name=\"twitter:card\" content=\"summary_large_image\" \/>\n<meta name=\"twitter:label1\" content=\"Est. reading time\" \/>\n\t<meta name=\"twitter:data1\" content=\"3 minutos\" \/>\n<script type=\"application\/ld+json\" class=\"yoast-schema-graph\">{\"@context\":\"https:\/\/schema.org\",\"@graph\":[{\"@type\":\"WebPage\",\"@id\":\"https:\/\/focusonpack.com\/net-weight-filling-machine\/4-head-net-weight-filling-machine\/\",\"url\":\"https:\/\/focusonpack.com\/net-weight-filling-machine\/4-head-net-weight-filling-machine\/\",\"name\":\"4 Head Net Weight Filling Machine - Focus on pack\",\"isPartOf\":{\"@id\":\"https:\/\/focusonpack.com\/#website\"},\"primaryImageOfPage\":{\"@id\":\"https:\/\/focusonpack.com\/net-weight-filling-machine\/4-head-net-weight-filling-machine\/#primaryimage\"},\"image\":{\"@id\":\"https:\/\/focusonpack.com\/net-weight-filling-machine\/4-head-net-weight-filling-machine\/#primaryimage\"},\"thumbnailUrl\":\"https:\/\/focusonpack.com\/wp-content\/uploads\/2023\/07\/Piston-Filling-Machine-2-2.jpg\",\"datePublished\":\"2020-05-16T05:37:21+00:00\",\"dateModified\":\"2025-03-29T08:07:32+00:00\",\"breadcrumb\":{\"@id\":\"https:\/\/focusonpack.com\/net-weight-filling-machine\/4-head-net-weight-filling-machine\/#breadcrumb\"},\"inLanguage\":\"pt-PT\",\"potentialAction\":[{\"@type\":\"ReadAction\",\"target\":[\"https:\/\/focusonpack.com\/net-weight-filling-machine\/4-head-net-weight-filling-machine\/\"]}]},{\"@type\":\"ImageObject\",\"inLanguage\":\"pt-PT\",\"@id\":\"https:\/\/focusonpack.com\/net-weight-filling-machine\/4-head-net-weight-filling-machine\/#primaryimage\",\"url\":\"https:\/\/focusonpack.com\/wp-content\/uploads\/2023\/07\/Piston-Filling-Machine-2-2.jpg\",\"contentUrl\":\"https:\/\/focusonpack.com\/wp-content\/uploads\/2023\/07\/Piston-Filling-Machine-2-2.jpg\"},{\"@type\":\"BreadcrumbList\",\"@id\":\"https:\/\/focusonpack.com\/net-weight-filling-machine\/4-head-net-weight-filling-machine\/#breadcrumb\",\"itemListElement\":[{\"@type\":\"ListItem\",\"position\":1,\"name\":\"\u9996\u9875\",\"item\":\"https:\/\/focusonpack.com\/\"},{\"@type\":\"ListItem\",\"position\":2,\"name\":\"Net Weight Filling Machine\",\"item\":\"https:\/\/focusonpack.com\/net-weight-filling-machine\/\"},{\"@type\":\"ListItem\",\"position\":3,\"name\":\"4 Head Net Weight Filling Machine\"}]},{\"@type\":\"WebSite\",\"@id\":\"https:\/\/focusonpack.com\/#website\",\"url\":\"https:\/\/focusonpack.com\/\",\"name\":\"Focus on pack\",\"description\":\"\",\"potentialAction\":[{\"@type\":\"SearchAction\",\"target\":{\"@type\":\"EntryPoint\",\"urlTemplate\":\"https:\/\/focusonpack.com\/?s={search_term_string}\"},\"query-input\":{\"@type\":\"PropertyValueSpecification\",\"valueRequired\":true,\"valueName\":\"search_term_string\"}}],\"inLanguage\":\"pt-PT\"}]}<\/script>\n<!-- \/ Yoast SEO plugin. -->","yoast_head_json":{"title":"4 Head Net Weight Filling Machine - Focus on pack","robots":{"index":"index","follow":"follow","max-snippet":"max-snippet:-1","max-image-preview":"max-image-preview:large","max-video-preview":"max-video-preview:-1"},"canonical":"https:\/\/focusonpack.com\/pt\/maquina-de-enchimento-de-peso-liquido\/4-head-net-weight-filling-machine\/","og_locale":"pt_PT","og_type":"article","og_title":"4 Head Net Weight Filling Machine - Focus on pack","og_description":"4 Head Net Weight Filling Mach&hellip;","og_url":"https:\/\/focusonpack.com\/pt\/maquina-de-enchimento-de-peso-liquido\/4-head-net-weight-filling-machine\/","og_site_name":"Focus on pack","article_modified_time":"2025-03-29T08:07:32+00:00","og_image":[{"url":"https:\/\/focusonpack.com\/wp-content\/uploads\/2023\/07\/Piston-Filling-Machine-2-2.jpg","type":"","width":"","height":""}],"twitter_card":"summary_large_image","twitter_misc":{"Est. reading time":"3 minutos"},"schema":{"@context":"https:\/\/schema.org","@graph":[{"@type":"WebPage","@id":"https:\/\/focusonpack.com\/net-weight-filling-machine\/4-head-net-weight-filling-machine\/","url":"https:\/\/focusonpack.com\/net-weight-filling-machine\/4-head-net-weight-filling-machine\/","name":"4 Head Net Weight Filling Machine - Focus on pack","isPartOf":{"@id":"https:\/\/focusonpack.com\/#website"},"primaryImageOfPage":{"@id":"https:\/\/focusonpack.com\/net-weight-filling-machine\/4-head-net-weight-filling-machine\/#primaryimage"},"image":{"@id":"https:\/\/focusonpack.com\/net-weight-filling-machine\/4-head-net-weight-filling-machine\/#primaryimage"},"thumbnailUrl":"https:\/\/focusonpack.com\/wp-content\/uploads\/2023\/07\/Piston-Filling-Machine-2-2.jpg","datePublished":"2020-05-16T05:37:21+00:00","dateModified":"2025-03-29T08:07:32+00:00","breadcrumb":{"@id":"https:\/\/focusonpack.com\/net-weight-filling-machine\/4-head-net-weight-filling-machine\/#breadcrumb"},"inLanguage":"pt-PT","potentialAction":[{"@type":"ReadAction","target":["https:\/\/focusonpack.com\/net-weight-filling-machine\/4-head-net-weight-filling-machine\/"]}]},{"@type":"ImageObject","inLanguage":"pt-PT","@id":"https:\/\/focusonpack.com\/net-weight-filling-machine\/4-head-net-weight-filling-machine\/#primaryimage","url":"https:\/\/focusonpack.com\/wp-content\/uploads\/2023\/07\/Piston-Filling-Machine-2-2.jpg","contentUrl":"https:\/\/focusonpack.com\/wp-content\/uploads\/2023\/07\/Piston-Filling-Machine-2-2.jpg"},{"@type":"BreadcrumbList","@id":"https:\/\/focusonpack.com\/net-weight-filling-machine\/4-head-net-weight-filling-machine\/#breadcrumb","itemListElement":[{"@type":"ListItem","position":1,"name":"\u9996\u9875","item":"https:\/\/focusonpack.com\/"},{"@type":"ListItem","position":2,"name":"Net Weight Filling Machine","item":"https:\/\/focusonpack.com\/net-weight-filling-machine\/"},{"@type":"ListItem","position":3,"name":"4 Head Net Weight Filling Machine"}]},{"@type":"WebSite","@id":"https:\/\/focusonpack.com\/#website","url":"https:\/\/focusonpack.com\/","name":"Focus on pack","description":"","potentialAction":[{"@type":"SearchAction","target":{"@type":"EntryPoint","urlTemplate":"https:\/\/focusonpack.com\/?s={search_term_string}"},"query-input":{"@type":"PropertyValueSpecification","valueRequired":true,"valueName":"search_term_string"}}],"inLanguage":"pt-PT"}]}},"_links":{"self":[{"href":"https:\/\/focusonpack.com\/pt\/wp-json\/wp\/v2\/pages\/3458","targetHints":{"allow":["GET"]}}],"collection":[{"href":"https:\/\/focusonpack.com\/pt\/wp-json\/wp\/v2\/pages"}],"about":[{"href":"https:\/\/focusonpack.com\/pt\/wp-json\/wp\/v2\/types\/page"}],"author":[{"embeddable":true,"href":"https:\/\/focusonpack.com\/pt\/wp-json\/wp\/v2\/users\/1"}],"replies":[{"embeddable":true,"href":"https:\/\/focusonpack.com\/pt\/wp-json\/wp\/v2\/comments?post=3458"}],"version-history":[{"count":10,"href":"https:\/\/focusonpack.com\/pt\/wp-json\/wp\/v2\/pages\/3458\/revisions"}],"predecessor-version":[{"id":4631,"href":"https:\/\/focusonpack.com\/pt\/wp-json\/wp\/v2\/pages\/3458\/revisions\/4631"}],"up":[{"embeddable":true,"href":"https:\/\/focusonpack.com\/pt\/wp-json\/wp\/v2\/pages\/2494"}],"wp:attachment":[{"href":"https:\/\/focusonpack.com\/pt\/wp-json\/wp\/v2\/media?parent=3458"}],"curies":[{"name":"wp","href":"https:\/\/api.w.org\/{rel}","templated":true}]}}