{"id":3645,"date":"2020-05-16T17:14:10","date_gmt":"2020-05-16T09:14:10","guid":{"rendered":"https:\/\/focusonpack.com\/?page_id=3645"},"modified":"2023-07-21T11:19:06","modified_gmt":"2023-07-21T03:19:06","slug":"wt-ro-2000-water-treatment-and-reverse-osmosis","status":"publish","type":"page","link":"https:\/\/focusonpack.com\/pt\/wt-ro-2000-water-treatment-and-reverse-osmosis\/","title":{"rendered":"WT-RO-2000 Water Treatment and Reverse Osmosis"},"content":{"rendered":"<div data-elementor-type=\"wp-page\" data-elementor-id=\"3645\" class=\"elementor elementor-3645\" data-elementor-settings=\"[]\">\n\t\t\t<div class=\"elementor-inner\">\n\t\t\t\t<div class=\"elementor-section-wrap\">\n\t\t\t\t\t\t\t<section class=\"elementor-element elementor-element-23688f1b elementor-section-boxed elementor-section-height-default elementor-section-height-default elementor-section elementor-top-section\" data-id=\"23688f1b\" data-element_type=\"section\">\n\t\t\t\t\t\t<div class=\"elementor-container elementor-column-gap-default\">\n\t\t\t\t<div class=\"elementor-row\">\n\t\t\t\t<div class=\"elementor-element elementor-element-65bac0f6 elementor-column elementor-col-50 elementor-top-column\" data-id=\"65bac0f6\" data-element_type=\"column\">\n\t\t\t<div class=\"elementor-column-wrap  elementor-element-populated\">\n\t\t\t\t\t<div class=\"elementor-widget-wrap\">\n\t\t\t\t<div class=\"elementor-element elementor-element-4d9c2640 elementor-widget elementor-widget-heading\" data-id=\"4d9c2640\" data-element_type=\"widget\" data-widget_type=\"heading.default\">\n\t\t\t\t<div class=\"elementor-widget-container\">\n\t\t\t<h3 class=\"elementor-heading-title elementor-size-default\">WT-RO-2000 Water Treatment and Reverse Osmosis<\/h3>\t\t<\/div>\n\t\t\t\t<\/div>\n\t\t\t\t<div class=\"elementor-element elementor-element-5af9ecda elementor-widget elementor-widget-text-editor\" data-id=\"5af9ecda\" data-element_type=\"widget\" data-widget_type=\"text-editor.default\">\n\t\t\t\t<div class=\"elementor-widget-container\">\n\t\t\t\t\t<div class=\"elementor-text-editor elementor-clearfix\"><p>WT-RO-2000 water treatment and reverse osmosis system has been designed to turn raw water from ground or surface water into safe drinking water, capacity of 2000 liters per hour can be achieved, consisting of a sand filter to remove particulates, turbidity, sand and rust, an activated carbon filter to remove the chlorine, pesticides, herbicides, disinfectants, and VOCs which might otherwise damage the reverse osmosis membrane, a water softener to reduce hardness of water, a micro filter is required as a last step before the RO membranes to prevent any debris, sand particles or piping material to damage the membranes. The reverse osmosis process uses a semi-permeable membrane to separate and remove dissolved solids, organics, pyrogens, submicron collodial matter, viruses, and bacteria from water. The process is called &#8220;Reverse&#8221; Osmosis since it requires pressure to force pure water across a membrane, leaving the impurities behind. Reverse osmosis is capable of removing 95 &#8211; 99% of the total dissolved solids (TDS) and 99% of all bacteria, thus providing safe, pure water.<\/p><\/div>\n\t\t\t\t<\/div>\n\t\t\t\t<\/div>\n\t\t\t\t<div class=\"elementor-element elementor-element-4a12d0d5 elementor-widget elementor-widget-text-editor\" data-id=\"4a12d0d5\" data-element_type=\"widget\" data-widget_type=\"text-editor.default\">\n\t\t\t\t<div class=\"elementor-widget-container\">\n\t\t\t\t\t<div class=\"elementor-text-editor elementor-clearfix\"><p><strong>Technical route and flow diagram instructions<\/strong><\/p><p>Raw water tank \u2192 Booster pump \u2192 Sand filter \u2192 Activated carbon filter \u2192 Softener Micro filter<br \/>\u2192 High pressure pump \u2192 Reverse osmosis \u2192 Permeate tank<\/p><\/div>\n\t\t\t\t<\/div>\n\t\t\t\t<\/div>\n\t\t\t\t<div class=\"elementor-element elementor-element-711dc873 elementor-widget elementor-widget-heading\" data-id=\"711dc873\" data-element_type=\"widget\" data-widget_type=\"heading.default\">\n\t\t\t\t<div class=\"elementor-widget-container\">\n\t\t\t<h3 class=\"elementor-heading-title elementor-size-default\">Carater\u00edsticas principais<\/h3>\t\t<\/div>\n\t\t\t\t<\/div>\n\t\t\t\t<div class=\"elementor-element elementor-element-1f0066c1 elementor-widget elementor-widget-text-editor\" data-id=\"1f0066c1\" data-element_type=\"widget\" data-widget_type=\"text-editor.default\">\n\t\t\t\t<div class=\"elementor-widget-container\">\n\t\t\t\t\t<div class=\"elementor-text-editor elementor-clearfix\"><p><strong>Materials of Construction<\/strong><\/p><p>Skid Frame: SS304<\/p><p>Membrane Elements:Hydraulics ESPA2-4040<\/p><p>Membrane Housings: SS304<\/p><p>Low pressure piping: SS304<\/p><p>High pressure piping: SS304<\/p><\/div>\n\t\t\t\t<\/div>\n\t\t\t\t<\/div>\n\t\t\t\t<div class=\"elementor-element elementor-element-3826057b elementor-widget elementor-widget-text-editor\" data-id=\"3826057b\" data-element_type=\"widget\" data-widget_type=\"text-editor.default\">\n\t\t\t\t<div class=\"elementor-widget-container\">\n\t\t\t\t\t<div class=\"elementor-text-editor elementor-clearfix\"><p><b>Pump and Motor<\/b><\/p><p>Pump: 304SS vertical multi-stage centrifugal<\/p><p>Motor: TEFC, 380\/460 VAC, 3-phase, 50\/60 Hz.<\/p><\/div>\n\t\t\t\t<\/div>\n\t\t\t\t<\/div>\n\t\t\t\t<div class=\"elementor-element elementor-element-54e382d elementor-widget elementor-widget-text-editor\" data-id=\"54e382d\" data-element_type=\"widget\" data-widget_type=\"text-editor.default\">\n\t\t\t\t<div class=\"elementor-widget-container\">\n\t\t\t\t\t<div class=\"elementor-text-editor elementor-clearfix\"><p><b>Standard Features<\/b><\/p><p>4\u201d x 40\u201d High rejection membrane elements<\/p><p>5-micron sediment pre-filter housing<\/p><p>Automatic inlet solenoid valve<\/p><p>PLC control<\/p><p>Product water conductivity monitor<\/p><p>Operating pressure gauges<\/p><p>Product and concentrate flow meters<\/p><p>Concentrate and recycle flow control valves<\/p><p>Low inlet pressure switch with shutdown alarm<\/p><p>Auto\/Manual wash<\/p><\/div>\n\t\t\t\t<\/div>\n\t\t\t\t<\/div>\n\t\t\t\t<div class=\"elementor-element elementor-element-5db9cd02 elementor-widget elementor-widget-text-editor\" data-id=\"5db9cd02\" data-element_type=\"widget\" data-widget_type=\"text-editor.default\">\n\t\t\t\t<div class=\"elementor-widget-container\">\n\t\t\t\t\t<div class=\"elementor-text-editor elementor-clearfix\"><p><strong>Optional Equipment Available<\/strong><br \/>Atmospheric storage tanks with level control and repressurization pump<br \/>Pressurized storage vessels<br \/>UV<br \/>Ozone generator<br \/>Membrane clean-in-place (CIP) systems<br \/>Pretreatment chemical injection systems<\/p><\/div>\n\t\t\t\t<\/div>\n\t\t\t\t<\/div>\n\t\t\t\t<div class=\"elementor-element elementor-element-747946f2 elementor-widget elementor-widget-heading\" data-id=\"747946f2\" data-element_type=\"widget\" data-widget_type=\"heading.default\">\n\t\t\t\t<div class=\"elementor-widget-container\">\n\t\t\t<h3 class=\"elementor-heading-title elementor-size-default\">Especifica\u00e7\u00f5es t\u00e9cnicas<\/h3>\t\t<\/div>\n\t\t\t\t<\/div>\n\t\t\t\t<div class=\"elementor-element elementor-element-16b3e886 elementor-widget elementor-widget-text-editor\" data-id=\"16b3e886\" data-element_type=\"widget\" data-widget_type=\"text-editor.default\">\n\t\t\t\t<div class=\"elementor-widget-container\">\n\t\t\t\t\t<div class=\"elementor-text-editor elementor-clearfix\"><table border=\"0\" cellpadding=\"0\" cellspacing=\"0\" width=\"402\" height=\"180\" style=\"width: 301.52pt;\">\n<colgroup>\n<col width=\"173\" style=\"width:129.75pt;\">\n<col width=\"229\" style=\"width:171.75pt;\">\n <\/colgroup>\n<tbody>\n<tr height=\"20\" style=\"height:15.00pt;\">\n<td class=\"et2\" height=\"20\" width=\"173\" x:str=\"\" style=\"height:15.00pt;width:129.75pt;\">Model No&nbsp;<\/td>\n<td class=\"et2\" width=\"229\" x:str=\"\" style=\"width:171.75pt;\">WT-RO-2000<\/td>\n<\/tr>\n<tr height=\"20\" style=\"height:15.00pt;\">\n<td class=\"et2\" height=\"20\" x:str=\"\" style=\"height:15.00pt;\">Capacity<\/td>\n<td class=\"et2\" x:str=\"\">2000LPH(Liter per Hour)<\/td>\n<\/tr>\n<tr height=\"20\" style=\"height:15.00pt;\">\n<td class=\"et2\" height=\"20\" x:str=\"\" style=\"height:15.00pt;\">Nominal Recovery&nbsp;<\/td>\n<td class=\"et2\" x:str=\"\">65-75%<\/td>\n<\/tr>\n<tr height=\"20\" style=\"height:15.00pt;\">\n<td class=\"et2\" height=\"20\" x:str=\"\" style=\"height:15.00pt;\">Nominal Salt Rejection<\/td>\n<td class=\"et3\" x:num=\"0.996\">99.60%<\/td>\n<\/tr>\n<tr height=\"20\" style=\"height:15.00pt;\">\n<td class=\"et2\" height=\"20\" x:str=\"\" style=\"height:15.00pt;\">Operating Temperature<\/td>\n<td class=\"et2\" x:str=\"\">15\u00b0C-45\u00b0C<\/td>\n<\/tr>\n<tr height=\"20\" style=\"height:15.00pt;\">\n<td class=\"et2\" height=\"20\" x:str=\"\" style=\"height:15.00pt;\">Design Temperature<\/td>\n<td class=\"et2\" x:str=\"\">25\u00b0C<\/td>\n<\/tr>\n<tr height=\"20\" style=\"height:15.00pt;\">\n<td class=\"et2\" height=\"20\" x:str=\"\" style=\"height:15.00pt;\">Feed Pump<\/td>\n<td class=\"et2\" x:str=\"\">0.75KW<\/td>\n<\/tr>\n<tr height=\"20\" style=\"height:15.00pt;\">\n<td class=\"et2\" height=\"20\" x:str=\"\" style=\"height:15.00pt;\">High Pressure Pump&nbsp;<\/td>\n<td class=\"et2\" x:str=\"\">2.2KW<\/td>\n<\/tr>\n<tr height=\"20\" style=\"height:15.00pt;\">\n<td class=\"et2\" height=\"20\" x:str=\"\" style=\"height:15.00pt;\">Tens\u00e3o<\/td>\n<td class=\"et2\" x:str=\"\">220V \/380V\/460V &#8211; 50Hz\/60Hz<\/td>\n<\/tr>\n<\/tbody>\n<\/table><\/div>\n\t\t\t\t<\/div>\n\t\t\t\t<\/div>\n\t\t\t\t<div class=\"elementor-element elementor-element-3f5a5bb4 elementor-widget elementor-widget-text-editor\" data-id=\"3f5a5bb4\" data-element_type=\"widget\" data-widget_type=\"text-editor.default\">\n\t\t\t\t<div class=\"elementor-widget-container\">\n\t\t\t\t\t<div class=\"elementor-text-editor elementor-clearfix\"><p>\uf013 As especifica\u00e7\u00f5es est\u00e3o sujeitas a altera\u00e7\u00f5es sem aviso pr\u00e9vio. Todos os direitos s\u00e3o reservados.<\/p><\/div>\n\t\t\t\t<\/div>\n\t\t\t\t<\/div>\n\t\t\t\t\t\t<\/div>\n\t\t\t<\/div>\n\t\t<\/div>\n\t\t\t\t<div class=\"elementor-element elementor-element-42765cc7 elementor-column elementor-col-50 elementor-top-column\" data-id=\"42765cc7\" data-element_type=\"column\">\n\t\t\t<div class=\"elementor-column-wrap  elementor-element-populated\">\n\t\t\t\t\t<div class=\"elementor-widget-wrap\">\n\t\t\t\t<div class=\"elementor-element elementor-element-679fa913 elementor-widget elementor-widget-spacer\" data-id=\"679fa913\" data-element_type=\"widget\" data-widget_type=\"spacer.default\">\n\t\t\t\t<div class=\"elementor-widget-container\">\n\t\t\t\t\t<div class=\"elementor-spacer\">\n\t\t\t<div class=\"elementor-spacer-inner\"><\/div>\n\t\t<\/div>\n\t\t\t\t<\/div>\n\t\t\t\t<\/div>\n\t\t\t\t<div class=\"elementor-element elementor-element-30e70b21 elementor-widget elementor-widget-image\" data-id=\"30e70b21\" data-element_type=\"widget\" data-widget_type=\"image.default\">\n\t\t\t\t<div class=\"elementor-widget-container\">\n\t\t\t\t\t<div class=\"elementor-image\">\n\t\t\t\t\t\t\t\t\t\t<img loading=\"lazy\" decoding=\"async\" width=\"302\" height=\"195\" src=\"https:\/\/focusonpack.com\/wp-content\/uploads\/2023\/07\/wt2.jpg\" class=\"attachment-full size-full\" alt=\"\" srcset=\"https:\/\/focusonpack.com\/wp-content\/uploads\/2023\/07\/wt2.jpg 302w, https:\/\/focusonpack.com\/wp-content\/uploads\/2023\/07\/wt2-300x195.jpg 300w\" sizes=\"auto, (max-width: 302px) 100vw, 302px\" \/>\t\t\t\t\t\t\t\t\t\t\t<\/div>\n\t\t\t\t<\/div>\n\t\t\t\t<\/div>\n\t\t\t\t<div class=\"elementor-element elementor-element-5708855c elementor-button-info elementor-align-center elementor-widget elementor-widget-button\" data-id=\"5708855c\" data-element_type=\"widget\" data-widget_type=\"button.default\">\n\t\t\t\t<div class=\"elementor-widget-container\">\n\t\t\t\t\t<div class=\"elementor-button-wrapper\">\n\t\t\t<a href=\"https:\/\/focusonpack.com\/pt\/contactar-nos\/\" class=\"elementor-button-link elementor-button elementor-size-sm\" role=\"button\">\n\t\t\t\t\t\t<span class=\"elementor-button-content-wrapper\">\n\t\t\t\t\t\t<span class=\"elementor-button-text\">Pedir um or\u00e7amento<\/span>\n\t\t<\/span>\n\t\t\t\t\t<\/a>\n\t\t<\/div>\n\t\t\t\t<\/div>\n\t\t\t\t<\/div>\n\t\t\t\t\t\t<\/div>\n\t\t\t<\/div>\n\t\t<\/div>\n\t\t\t\t\t\t<\/div>\n\t\t\t<\/div>\n\t\t<\/section>\n\t\t\t\t\t\t<\/div>\n\t\t\t<\/div>\n\t\t<\/div>","protected":false},"excerpt":{"rendered":"<p>WT-RO-2000 Water Treatment and&hellip;<\/p>","protected":false},"author":1,"featured_media":0,"parent":0,"menu_order":0,"comment_status":"closed","ping_status":"closed","template":"elementor_header_footer","meta":{"footnotes":""},"class_list":["post-3645","page","type-page","status-publish","hentry","no-thumb"],"yoast_head":"<!-- This site is optimized with the Yoast SEO plugin v24.8.1 - https:\/\/yoast.com\/wordpress\/plugins\/seo\/ -->\n<title>WT-RO-2000 Water Treatment and Reverse Osmosis - Focus on pack<\/title>\n<meta name=\"robots\" content=\"index, follow, max-snippet:-1, max-image-preview:large, max-video-preview:-1\" \/>\n<link rel=\"canonical\" href=\"https:\/\/focusonpack.com\/pt\/wt-ro-2000-water-treatment-and-reverse-osmosis\/\" \/>\n<meta property=\"og:locale\" content=\"pt_PT\" \/>\n<meta property=\"og:type\" content=\"article\" \/>\n<meta property=\"og:title\" content=\"WT-RO-2000 Water Treatment and Reverse Osmosis - Focus on pack\" \/>\n<meta property=\"og:description\" content=\"WT-RO-2000 Water Treatment and&hellip;\" \/>\n<meta property=\"og:url\" content=\"https:\/\/focusonpack.com\/pt\/wt-ro-2000-water-treatment-and-reverse-osmosis\/\" \/>\n<meta property=\"og:site_name\" content=\"Focus on pack\" \/>\n<meta property=\"article:modified_time\" content=\"2023-07-21T03:19:06+00:00\" \/>\n<meta property=\"og:image\" content=\"https:\/\/focusonpack.com\/wp-content\/uploads\/2023\/07\/wt2.jpg\" \/>\n<meta name=\"twitter:card\" content=\"summary_large_image\" \/>\n<meta name=\"twitter:label1\" content=\"Est. reading time\" \/>\n\t<meta name=\"twitter:data1\" content=\"2 minutos\" \/>\n<script type=\"application\/ld+json\" class=\"yoast-schema-graph\">{\"@context\":\"https:\/\/schema.org\",\"@graph\":[{\"@type\":\"WebPage\",\"@id\":\"https:\/\/focusonpack.com\/wt-ro-2000-water-treatment-and-reverse-osmosis\/\",\"url\":\"https:\/\/focusonpack.com\/wt-ro-2000-water-treatment-and-reverse-osmosis\/\",\"name\":\"WT-RO-2000 Water Treatment and Reverse Osmosis - Focus on pack\",\"isPartOf\":{\"@id\":\"https:\/\/focusonpack.com\/#website\"},\"primaryImageOfPage\":{\"@id\":\"https:\/\/focusonpack.com\/wt-ro-2000-water-treatment-and-reverse-osmosis\/#primaryimage\"},\"image\":{\"@id\":\"https:\/\/focusonpack.com\/wt-ro-2000-water-treatment-and-reverse-osmosis\/#primaryimage\"},\"thumbnailUrl\":\"https:\/\/focusonpack.com\/wp-content\/uploads\/2023\/07\/wt2.jpg\",\"datePublished\":\"2020-05-16T09:14:10+00:00\",\"dateModified\":\"2023-07-21T03:19:06+00:00\",\"breadcrumb\":{\"@id\":\"https:\/\/focusonpack.com\/wt-ro-2000-water-treatment-and-reverse-osmosis\/#breadcrumb\"},\"inLanguage\":\"pt-PT\",\"potentialAction\":[{\"@type\":\"ReadAction\",\"target\":[\"https:\/\/focusonpack.com\/wt-ro-2000-water-treatment-and-reverse-osmosis\/\"]}]},{\"@type\":\"ImageObject\",\"inLanguage\":\"pt-PT\",\"@id\":\"https:\/\/focusonpack.com\/wt-ro-2000-water-treatment-and-reverse-osmosis\/#primaryimage\",\"url\":\"https:\/\/focusonpack.com\/wp-content\/uploads\/2023\/07\/wt2.jpg\",\"contentUrl\":\"https:\/\/focusonpack.com\/wp-content\/uploads\/2023\/07\/wt2.jpg\"},{\"@type\":\"BreadcrumbList\",\"@id\":\"https:\/\/focusonpack.com\/wt-ro-2000-water-treatment-and-reverse-osmosis\/#breadcrumb\",\"itemListElement\":[{\"@type\":\"ListItem\",\"position\":1,\"name\":\"\u9996\u9875\",\"item\":\"https:\/\/focusonpack.com\/\"},{\"@type\":\"ListItem\",\"position\":2,\"name\":\"WT-RO-2000 Water Treatment and Reverse Osmosis\"}]},{\"@type\":\"WebSite\",\"@id\":\"https:\/\/focusonpack.com\/#website\",\"url\":\"https:\/\/focusonpack.com\/\",\"name\":\"Focus on pack\",\"description\":\"\",\"potentialAction\":[{\"@type\":\"SearchAction\",\"target\":{\"@type\":\"EntryPoint\",\"urlTemplate\":\"https:\/\/focusonpack.com\/?s={search_term_string}\"},\"query-input\":{\"@type\":\"PropertyValueSpecification\",\"valueRequired\":true,\"valueName\":\"search_term_string\"}}],\"inLanguage\":\"pt-PT\"}]}<\/script>\n<!-- \/ Yoast SEO plugin. -->","yoast_head_json":{"title":"WT-RO-2000 Water Treatment and Reverse Osmosis - Focus on pack","robots":{"index":"index","follow":"follow","max-snippet":"max-snippet:-1","max-image-preview":"max-image-preview:large","max-video-preview":"max-video-preview:-1"},"canonical":"https:\/\/focusonpack.com\/pt\/wt-ro-2000-water-treatment-and-reverse-osmosis\/","og_locale":"pt_PT","og_type":"article","og_title":"WT-RO-2000 Water Treatment and Reverse Osmosis - Focus on pack","og_description":"WT-RO-2000 Water Treatment and&hellip;","og_url":"https:\/\/focusonpack.com\/pt\/wt-ro-2000-water-treatment-and-reverse-osmosis\/","og_site_name":"Focus on pack","article_modified_time":"2023-07-21T03:19:06+00:00","og_image":[{"url":"https:\/\/focusonpack.com\/wp-content\/uploads\/2023\/07\/wt2.jpg","type":"","width":"","height":""}],"twitter_card":"summary_large_image","twitter_misc":{"Est. reading time":"2 minutos"},"schema":{"@context":"https:\/\/schema.org","@graph":[{"@type":"WebPage","@id":"https:\/\/focusonpack.com\/wt-ro-2000-water-treatment-and-reverse-osmosis\/","url":"https:\/\/focusonpack.com\/wt-ro-2000-water-treatment-and-reverse-osmosis\/","name":"WT-RO-2000 Water Treatment and Reverse Osmosis - Focus on pack","isPartOf":{"@id":"https:\/\/focusonpack.com\/#website"},"primaryImageOfPage":{"@id":"https:\/\/focusonpack.com\/wt-ro-2000-water-treatment-and-reverse-osmosis\/#primaryimage"},"image":{"@id":"https:\/\/focusonpack.com\/wt-ro-2000-water-treatment-and-reverse-osmosis\/#primaryimage"},"thumbnailUrl":"https:\/\/focusonpack.com\/wp-content\/uploads\/2023\/07\/wt2.jpg","datePublished":"2020-05-16T09:14:10+00:00","dateModified":"2023-07-21T03:19:06+00:00","breadcrumb":{"@id":"https:\/\/focusonpack.com\/wt-ro-2000-water-treatment-and-reverse-osmosis\/#breadcrumb"},"inLanguage":"pt-PT","potentialAction":[{"@type":"ReadAction","target":["https:\/\/focusonpack.com\/wt-ro-2000-water-treatment-and-reverse-osmosis\/"]}]},{"@type":"ImageObject","inLanguage":"pt-PT","@id":"https:\/\/focusonpack.com\/wt-ro-2000-water-treatment-and-reverse-osmosis\/#primaryimage","url":"https:\/\/focusonpack.com\/wp-content\/uploads\/2023\/07\/wt2.jpg","contentUrl":"https:\/\/focusonpack.com\/wp-content\/uploads\/2023\/07\/wt2.jpg"},{"@type":"BreadcrumbList","@id":"https:\/\/focusonpack.com\/wt-ro-2000-water-treatment-and-reverse-osmosis\/#breadcrumb","itemListElement":[{"@type":"ListItem","position":1,"name":"\u9996\u9875","item":"https:\/\/focusonpack.com\/"},{"@type":"ListItem","position":2,"name":"WT-RO-2000 Water Treatment and Reverse Osmosis"}]},{"@type":"WebSite","@id":"https:\/\/focusonpack.com\/#website","url":"https:\/\/focusonpack.com\/","name":"Focus on pack","description":"","potentialAction":[{"@type":"SearchAction","target":{"@type":"EntryPoint","urlTemplate":"https:\/\/focusonpack.com\/?s={search_term_string}"},"query-input":{"@type":"PropertyValueSpecification","valueRequired":true,"valueName":"search_term_string"}}],"inLanguage":"pt-PT"}]}},"_links":{"self":[{"href":"https:\/\/focusonpack.com\/pt\/wp-json\/wp\/v2\/pages\/3645","targetHints":{"allow":["GET"]}}],"collection":[{"href":"https:\/\/focusonpack.com\/pt\/wp-json\/wp\/v2\/pages"}],"about":[{"href":"https:\/\/focusonpack.com\/pt\/wp-json\/wp\/v2\/types\/page"}],"author":[{"embeddable":true,"href":"https:\/\/focusonpack.com\/pt\/wp-json\/wp\/v2\/users\/1"}],"replies":[{"embeddable":true,"href":"https:\/\/focusonpack.com\/pt\/wp-json\/wp\/v2\/comments?post=3645"}],"version-history":[{"count":8,"href":"https:\/\/focusonpack.com\/pt\/wp-json\/wp\/v2\/pages\/3645\/revisions"}],"predecessor-version":[{"id":4079,"href":"https:\/\/focusonpack.com\/pt\/wp-json\/wp\/v2\/pages\/3645\/revisions\/4079"}],"wp:attachment":[{"href":"https:\/\/focusonpack.com\/pt\/wp-json\/wp\/v2\/media?parent=3645"}],"curies":[{"name":"wp","href":"https:\/\/api.w.org\/{rel}","templated":true}]}}