{"id":3690,"date":"2020-05-18T10:27:10","date_gmt":"2020-05-18T02:27:10","guid":{"rendered":"https:\/\/focusonpack.com\/?page_id=3690"},"modified":"2022-06-16T17:06:38","modified_gmt":"2022-06-16T09:06:38","slug":"automatic-shrink-wrap-machine-with-side-mounted-feeding-conveyor-capacity8-10-packages-per-minute","status":"publish","type":"page","link":"https:\/\/focusonpack.com\/pt\/automatic-shrink-wrap-machine-with-side-mounted-feeding-conveyor-capacity8-10-packages-per-minute\/","title":{"rendered":"Automatic Shrink Wrap Machine with Side Mounted Feeding Conveyor Capacity:8-10 Packages per Minute"},"content":{"rendered":"<div data-elementor-type=\"wp-page\" data-elementor-id=\"3690\" class=\"elementor elementor-3690\" data-elementor-settings=\"[]\">\n\t\t\t<div class=\"elementor-inner\">\n\t\t\t\t<div class=\"elementor-section-wrap\">\n\t\t\t\t\t\t\t<section class=\"elementor-element elementor-element-423517da elementor-section-boxed elementor-section-height-default elementor-section-height-default elementor-section elementor-top-section\" data-id=\"423517da\" data-element_type=\"section\">\n\t\t\t\t\t\t<div class=\"elementor-container elementor-column-gap-default\">\n\t\t\t\t<div class=\"elementor-row\">\n\t\t\t\t<div class=\"elementor-element elementor-element-19cc8cf8 elementor-column elementor-col-100 elementor-top-column\" data-id=\"19cc8cf8\" data-element_type=\"column\">\n\t\t\t<div class=\"elementor-column-wrap  elementor-element-populated\">\n\t\t\t\t\t<div class=\"elementor-widget-wrap\">\n\t\t\t\t<div class=\"elementor-element elementor-element-53b36293 elementor-widget elementor-widget-heading\" data-id=\"53b36293\" data-element_type=\"widget\" data-widget_type=\"heading.default\">\n\t\t\t\t<div class=\"elementor-widget-container\">\n\t\t\t<h3 class=\"elementor-heading-title elementor-size-default\">How it works<\/h3>\t\t<\/div>\n\t\t\t\t<\/div>\n\t\t\t\t<div class=\"elementor-element elementor-element-3ba579d3 elementor-widget elementor-widget-text-editor\" data-id=\"3ba579d3\" data-element_type=\"widget\" data-widget_type=\"text-editor.default\">\n\t\t\t\t<div class=\"elementor-widget-container\">\n\t\t\t\t\t<div class=\"elementor-text-editor elementor-clearfix\"><p class=\"MsoNormal\">A m\u00e1quina autom\u00e1tica de embalagem retr\u00e1til para garrafas industriais do tipo L foi concebida para embalar, quer em embalagens individuais, quer em conjuntos, no respetivo formato de garrafas, frascos e produtos enlatados e industriais, sem suporte, com suporte de almofada ou com suporte de tabuleiro. de garrafas, frascos e produtos enlatados e industriais podem ser embalados sem suporte, com suporte de almofada ou com suporte de tabuleiro. Cada m\u00e1quina de embalar por retra\u00e7\u00e3o consiste em Cada m\u00e1quina de embalar por retra\u00e7\u00e3o \u00e9 composta por um transportador de alimenta\u00e7\u00e3o lateral, um agrupador, um t\u00fanel de retra\u00e7\u00e3o e um transportador de descarga e pode ser incorporada numa linha existente.<br><\/p><\/div>\n\t\t\t\t<\/div>\n\t\t\t\t<\/div>\n\t\t\t\t<div class=\"elementor-element elementor-element-4d86e342 elementor-widget elementor-widget-divider\" data-id=\"4d86e342\" data-element_type=\"widget\" data-widget_type=\"divider.default\">\n\t\t\t\t<div class=\"elementor-widget-container\">\n\t\t\t\t\t<div class=\"elementor-divider\">\n\t\t\t<span class=\"elementor-divider-separator\">\n\t\t\t\t\t\t<\/span>\n\t\t<\/div>\n\t\t\t\t<\/div>\n\t\t\t\t<\/div>\n\t\t\t\t\t\t<\/div>\n\t\t\t<\/div>\n\t\t<\/div>\n\t\t\t\t\t\t<\/div>\n\t\t\t<\/div>\n\t\t<\/section>\n\t\t\t\t<section class=\"elementor-element elementor-element-74f3c962 elementor-section-boxed elementor-section-height-default elementor-section-height-default elementor-section elementor-top-section\" data-id=\"74f3c962\" data-element_type=\"section\">\n\t\t\t\t\t\t<div class=\"elementor-container elementor-column-gap-default\">\n\t\t\t\t<div class=\"elementor-row\">\n\t\t\t\t<div class=\"elementor-element elementor-element-59e2e1d8 elementor-column elementor-col-100 elementor-top-column\" data-id=\"59e2e1d8\" data-element_type=\"column\">\n\t\t\t<div class=\"elementor-column-wrap  elementor-element-populated\">\n\t\t\t\t\t<div class=\"elementor-widget-wrap\">\n\t\t\t\t<div class=\"elementor-element elementor-element-4c42613d elementor-aspect-ratio-169 elementor-widget elementor-widget-video\" data-id=\"4c42613d\" data-element_type=\"widget\" data-settings=\"{&quot;aspect_ratio&quot;:&quot;169&quot;}\" data-widget_type=\"video.default\">\n\t\t\t\t<div class=\"elementor-widget-container\">\n\t\t\t\t\t<div class=\"elementor-wrapper elementor-fit-aspect-ratio elementor-open-inline\">\n\t\t\t<iframe class=\"elementor-video-iframe\" allowfullscreen title=\"youtube Video Player\" src=\"https:\/\/www.youtube.com\/embed\/5iWp2U_Yp6w?feature=oembed&amp;start&amp;end&amp;wmode=opaque&amp;loop=0&amp;controls=1&amp;mute=0&amp;rel=0&amp;modestbranding=0\"><\/iframe>\t\t<\/div>\n\t\t\t\t<\/div>\n\t\t\t\t<\/div>\n\t\t\t\t\t\t<\/div>\n\t\t\t<\/div>\n\t\t<\/div>\n\t\t\t\t\t\t<\/div>\n\t\t\t<\/div>\n\t\t<\/section>\n\t\t\t\t\t\t<\/div>\n\t\t\t<\/div>\n\t\t<\/div>","protected":false},"excerpt":{"rendered":"<p>How it works L type automatic &hellip;<\/p>","protected":false},"author":1,"featured_media":0,"parent":0,"menu_order":0,"comment_status":"closed","ping_status":"closed","template":"elementor_header_footer","meta":{"footnotes":""},"class_list":["post-3690","page","type-page","status-publish","hentry","no-thumb"],"yoast_head":"<!-- This site is optimized with the Yoast SEO plugin v24.8.1 - https:\/\/yoast.com\/wordpress\/plugins\/seo\/ -->\n<title>Automatic Shrink Wrap Machine with Side Mounted Feeding Conveyor Capacity:8-10 Packages per Minute - Focus on pack<\/title>\n<meta name=\"robots\" content=\"index, follow, max-snippet:-1, max-image-preview:large, max-video-preview:-1\" \/>\n<link rel=\"canonical\" href=\"https:\/\/focusonpack.com\/pt\/automatic-shrink-wrap-machine-with-side-mounted-feeding-conveyor-capacity8-10-packages-per-minute\/\" \/>\n<meta property=\"og:locale\" content=\"pt_PT\" \/>\n<meta property=\"og:type\" content=\"article\" \/>\n<meta property=\"og:title\" content=\"Automatic Shrink Wrap Machine with Side Mounted Feeding Conveyor Capacity:8-10 Packages per Minute - Focus on pack\" \/>\n<meta property=\"og:description\" content=\"How it works L type automatic &hellip;\" \/>\n<meta property=\"og:url\" content=\"https:\/\/focusonpack.com\/pt\/automatic-shrink-wrap-machine-with-side-mounted-feeding-conveyor-capacity8-10-packages-per-minute\/\" \/>\n<meta property=\"og:site_name\" content=\"Focus on pack\" \/>\n<meta property=\"article:modified_time\" content=\"2022-06-16T09:06:38+00:00\" \/>\n<meta name=\"twitter:card\" content=\"summary_large_image\" \/>\n<script type=\"application\/ld+json\" class=\"yoast-schema-graph\">{\"@context\":\"https:\/\/schema.org\",\"@graph\":[{\"@type\":\"WebPage\",\"@id\":\"https:\/\/focusonpack.com\/automatic-shrink-wrap-machine-with-side-mounted-feeding-conveyor-capacity8-10-packages-per-minute\/\",\"url\":\"https:\/\/focusonpack.com\/automatic-shrink-wrap-machine-with-side-mounted-feeding-conveyor-capacity8-10-packages-per-minute\/\",\"name\":\"Automatic Shrink Wrap Machine with Side Mounted Feeding Conveyor Capacity:8-10 Packages per Minute - Focus on pack\",\"isPartOf\":{\"@id\":\"https:\/\/focusonpack.com\/#website\"},\"datePublished\":\"2020-05-18T02:27:10+00:00\",\"dateModified\":\"2022-06-16T09:06:38+00:00\",\"breadcrumb\":{\"@id\":\"https:\/\/focusonpack.com\/automatic-shrink-wrap-machine-with-side-mounted-feeding-conveyor-capacity8-10-packages-per-minute\/#breadcrumb\"},\"inLanguage\":\"pt-PT\",\"potentialAction\":[{\"@type\":\"ReadAction\",\"target\":[\"https:\/\/focusonpack.com\/automatic-shrink-wrap-machine-with-side-mounted-feeding-conveyor-capacity8-10-packages-per-minute\/\"]}]},{\"@type\":\"BreadcrumbList\",\"@id\":\"https:\/\/focusonpack.com\/automatic-shrink-wrap-machine-with-side-mounted-feeding-conveyor-capacity8-10-packages-per-minute\/#breadcrumb\",\"itemListElement\":[{\"@type\":\"ListItem\",\"position\":1,\"name\":\"\u9996\u9875\",\"item\":\"https:\/\/focusonpack.com\/\"},{\"@type\":\"ListItem\",\"position\":2,\"name\":\"Automatic Shrink Wrap Machine with Side Mounted Feeding Conveyor Capacity:8-10 Packages per Minute\"}]},{\"@type\":\"WebSite\",\"@id\":\"https:\/\/focusonpack.com\/#website\",\"url\":\"https:\/\/focusonpack.com\/\",\"name\":\"Focus on pack\",\"description\":\"\",\"potentialAction\":[{\"@type\":\"SearchAction\",\"target\":{\"@type\":\"EntryPoint\",\"urlTemplate\":\"https:\/\/focusonpack.com\/?s={search_term_string}\"},\"query-input\":{\"@type\":\"PropertyValueSpecification\",\"valueRequired\":true,\"valueName\":\"search_term_string\"}}],\"inLanguage\":\"pt-PT\"}]}<\/script>\n<!-- \/ Yoast SEO plugin. -->","yoast_head_json":{"title":"Automatic Shrink Wrap Machine with Side Mounted Feeding Conveyor Capacity:8-10 Packages per Minute - Focus on pack","robots":{"index":"index","follow":"follow","max-snippet":"max-snippet:-1","max-image-preview":"max-image-preview:large","max-video-preview":"max-video-preview:-1"},"canonical":"https:\/\/focusonpack.com\/pt\/automatic-shrink-wrap-machine-with-side-mounted-feeding-conveyor-capacity8-10-packages-per-minute\/","og_locale":"pt_PT","og_type":"article","og_title":"Automatic Shrink Wrap Machine with Side Mounted Feeding Conveyor Capacity:8-10 Packages per Minute - Focus on pack","og_description":"How it works L type automatic &hellip;","og_url":"https:\/\/focusonpack.com\/pt\/automatic-shrink-wrap-machine-with-side-mounted-feeding-conveyor-capacity8-10-packages-per-minute\/","og_site_name":"Focus on pack","article_modified_time":"2022-06-16T09:06:38+00:00","twitter_card":"summary_large_image","schema":{"@context":"https:\/\/schema.org","@graph":[{"@type":"WebPage","@id":"https:\/\/focusonpack.com\/automatic-shrink-wrap-machine-with-side-mounted-feeding-conveyor-capacity8-10-packages-per-minute\/","url":"https:\/\/focusonpack.com\/automatic-shrink-wrap-machine-with-side-mounted-feeding-conveyor-capacity8-10-packages-per-minute\/","name":"Automatic Shrink Wrap Machine with Side Mounted Feeding Conveyor Capacity:8-10 Packages per Minute - Focus on pack","isPartOf":{"@id":"https:\/\/focusonpack.com\/#website"},"datePublished":"2020-05-18T02:27:10+00:00","dateModified":"2022-06-16T09:06:38+00:00","breadcrumb":{"@id":"https:\/\/focusonpack.com\/automatic-shrink-wrap-machine-with-side-mounted-feeding-conveyor-capacity8-10-packages-per-minute\/#breadcrumb"},"inLanguage":"pt-PT","potentialAction":[{"@type":"ReadAction","target":["https:\/\/focusonpack.com\/automatic-shrink-wrap-machine-with-side-mounted-feeding-conveyor-capacity8-10-packages-per-minute\/"]}]},{"@type":"BreadcrumbList","@id":"https:\/\/focusonpack.com\/automatic-shrink-wrap-machine-with-side-mounted-feeding-conveyor-capacity8-10-packages-per-minute\/#breadcrumb","itemListElement":[{"@type":"ListItem","position":1,"name":"\u9996\u9875","item":"https:\/\/focusonpack.com\/"},{"@type":"ListItem","position":2,"name":"Automatic Shrink Wrap Machine with Side Mounted Feeding Conveyor Capacity:8-10 Packages per Minute"}]},{"@type":"WebSite","@id":"https:\/\/focusonpack.com\/#website","url":"https:\/\/focusonpack.com\/","name":"Focus on pack","description":"","potentialAction":[{"@type":"SearchAction","target":{"@type":"EntryPoint","urlTemplate":"https:\/\/focusonpack.com\/?s={search_term_string}"},"query-input":{"@type":"PropertyValueSpecification","valueRequired":true,"valueName":"search_term_string"}}],"inLanguage":"pt-PT"}]}},"_links":{"self":[{"href":"https:\/\/focusonpack.com\/pt\/wp-json\/wp\/v2\/pages\/3690","targetHints":{"allow":["GET"]}}],"collection":[{"href":"https:\/\/focusonpack.com\/pt\/wp-json\/wp\/v2\/pages"}],"about":[{"href":"https:\/\/focusonpack.com\/pt\/wp-json\/wp\/v2\/types\/page"}],"author":[{"embeddable":true,"href":"https:\/\/focusonpack.com\/pt\/wp-json\/wp\/v2\/users\/1"}],"replies":[{"embeddable":true,"href":"https:\/\/focusonpack.com\/pt\/wp-json\/wp\/v2\/comments?post=3690"}],"version-history":[{"count":5,"href":"https:\/\/focusonpack.com\/pt\/wp-json\/wp\/v2\/pages\/3690\/revisions"}],"predecessor-version":[{"id":3850,"href":"https:\/\/focusonpack.com\/pt\/wp-json\/wp\/v2\/pages\/3690\/revisions\/3850"}],"wp:attachment":[{"href":"https:\/\/focusonpack.com\/pt\/wp-json\/wp\/v2\/media?parent=3690"}],"curies":[{"name":"wp","href":"https:\/\/api.w.org\/{rel}","templated":true}]}}