{"id":3908,"date":"2022-11-03T14:25:45","date_gmt":"2022-11-03T06:25:45","guid":{"rendered":"https:\/\/focusonpack.com\/?page_id=3908"},"modified":"2022-11-03T15:49:23","modified_gmt":"2022-11-03T07:49:23","slug":"water-production-line","status":"publish","type":"page","link":"https:\/\/focusonpack.com\/pt\/produtos\/linha-de-producao-de-agua\/","title":{"rendered":"Linha de produ\u00e7\u00e3o de \u00e1gua"},"content":{"rendered":"<div data-elementor-type=\"wp-page\" data-elementor-id=\"3908\" class=\"elementor elementor-3908\" data-elementor-settings=\"[]\">\n\t\t\t<div class=\"elementor-inner\">\n\t\t\t\t<div class=\"elementor-section-wrap\">\n\t\t\t\t\t\t\t<section class=\"elementor-element elementor-element-386c749f elementor-section-boxed elementor-section-height-default elementor-section-height-default elementor-section elementor-top-section\" data-id=\"386c749f\" data-element_type=\"section\">\n\t\t\t\t\t\t<div class=\"elementor-container elementor-column-gap-default\">\n\t\t\t\t<div class=\"elementor-row\">\n\t\t\t\t<div class=\"elementor-element elementor-element-32e9e55d elementor-column elementor-col-50 elementor-top-column\" data-id=\"32e9e55d\" data-element_type=\"column\">\n\t\t\t<div class=\"elementor-column-wrap  elementor-element-populated\">\n\t\t\t\t\t<div class=\"elementor-widget-wrap\">\n\t\t\t\t<div class=\"elementor-element elementor-element-7428af0a elementor-widget elementor-widget-image\" data-id=\"7428af0a\" data-element_type=\"widget\" data-widget_type=\"image.default\">\n\t\t\t\t<div class=\"elementor-widget-container\">\n\t\t\t\t\t<div class=\"elementor-image\">\n\t\t\t\t\t\t\t\t\t\t<img loading=\"lazy\" decoding=\"async\" width=\"310\" height=\"209\" src=\"https:\/\/focusonpack.com\/wp-content\/uploads\/2022\/11\/2000bph.jpg\" class=\"attachment-full size-full\" alt=\"\" srcset=\"https:\/\/focusonpack.com\/wp-content\/uploads\/2022\/11\/2000bph.jpg 310w, https:\/\/focusonpack.com\/wp-content\/uploads\/2022\/11\/2000bph-300x202.jpg 300w\" sizes=\"auto, (max-width: 310px) 100vw, 310px\" \/>\t\t\t\t\t\t\t\t\t\t\t<\/div>\n\t\t\t\t<\/div>\n\t\t\t\t<\/div>\n\t\t\t\t\t\t<\/div>\n\t\t\t<\/div>\n\t\t<\/div>\n\t\t\t\t<div class=\"elementor-element elementor-element-1f9659ea elementor-column elementor-col-50 elementor-top-column\" data-id=\"1f9659ea\" data-element_type=\"column\">\n\t\t\t<div class=\"elementor-column-wrap  elementor-element-populated\">\n\t\t\t\t\t<div class=\"elementor-widget-wrap\">\n\t\t\t\t<div class=\"elementor-element elementor-element-6d223409 elementor-widget elementor-widget-heading\" data-id=\"6d223409\" data-element_type=\"widget\" data-widget_type=\"heading.default\">\n\t\t\t\t<div class=\"elementor-widget-container\">\n\t\t\t<h3 class=\"elementor-heading-title elementor-size-default\">Linha de \u00e1gua 2000bph<\/h3>\t\t<\/div>\n\t\t\t\t<\/div>\n\t\t\t\t<div class=\"elementor-element elementor-element-380a859e elementor-widget elementor-widget-text-editor\" data-id=\"380a859e\" data-element_type=\"widget\" data-widget_type=\"text-editor.default\">\n\t\t\t\t<div class=\"elementor-widget-container\">\n\t\t\t\t\t<div class=\"elementor-text-editor elementor-clearfix\"><p>Esta s\u00e9rie de m\u00e1quinas de engarrafamento de \u00e1gua foi projectada para empresas em fase de arranque para embalar \u00e1gua purificada, \u00e1gua mineral e bebidas n\u00e3o carbonatadas em garrafas PET Esta s\u00e9rie de m\u00e1quinas de engarrafamento de \u00e1gua foi concebida para empresas em fase de arranque para embalar \u00e1gua purificada, \u00e1gua mineral e bebidas n\u00e3o carbonatadas em garrafas PET de 200ml a 1500ml, integrando enxaguamento, enchimento e tamponamento numa s\u00f3, que inclui 8 v\u00e1lvulas de enxaguamento, 8 cabe\u00e7as de enchimento e 3 conjuntos de cabe\u00e7as de tamponamento. Esta pequena f\u00e1brica de engarrafamento de \u00e1gua foi especialmente concebida para substituir o sistema em linha.<\/p><\/div>\n\t\t\t\t<\/div>\n\t\t\t\t<\/div>\n\t\t\t\t<div class=\"elementor-element elementor-element-45bb8212 elementor-widget elementor-widget-button\" data-id=\"45bb8212\" data-element_type=\"widget\" data-widget_type=\"button.default\">\n\t\t\t\t<div class=\"elementor-widget-container\">\n\t\t\t\t\t<div class=\"elementor-button-wrapper\">\n\t\t\t<a href=\"https:\/\/focusonpack.com\/pt\/produtos\/linha-de-producao-de-agua\/2000bph-water-line\/\" class=\"elementor-button-link elementor-button elementor-size-sm\" role=\"button\">\n\t\t\t\t\t\t<span class=\"elementor-button-content-wrapper\">\n\t\t\t\t\t\t<span class=\"elementor-button-text\">Mais<\/span>\n\t\t<\/span>\n\t\t\t\t\t<\/a>\n\t\t<\/div>\n\t\t\t\t<\/div>\n\t\t\t\t<\/div>\n\t\t\t\t\t\t<\/div>\n\t\t\t<\/div>\n\t\t<\/div>\n\t\t\t\t\t\t<\/div>\n\t\t\t<\/div>\n\t\t<\/section>\n\t\t\t\t<section class=\"elementor-element elementor-element-6f6a5db7 elementor-section-boxed elementor-section-height-default elementor-section-height-default elementor-section elementor-top-section\" data-id=\"6f6a5db7\" data-element_type=\"section\">\n\t\t\t\t\t\t<div class=\"elementor-container elementor-column-gap-default\">\n\t\t\t\t<div class=\"elementor-row\">\n\t\t\t\t<div class=\"elementor-element elementor-element-3dd5da92 elementor-column elementor-col-100 elementor-top-column\" data-id=\"3dd5da92\" data-element_type=\"column\">\n\t\t\t<div class=\"elementor-column-wrap  elementor-element-populated\">\n\t\t\t\t\t<div class=\"elementor-widget-wrap\">\n\t\t\t\t<div class=\"elementor-element elementor-element-4767b587 elementor-widget elementor-widget-divider\" data-id=\"4767b587\" data-element_type=\"widget\" data-widget_type=\"divider.default\">\n\t\t\t\t<div class=\"elementor-widget-container\">\n\t\t\t\t\t<div class=\"elementor-divider\">\n\t\t\t<span class=\"elementor-divider-separator\">\n\t\t\t\t\t\t<\/span>\n\t\t<\/div>\n\t\t\t\t<\/div>\n\t\t\t\t<\/div>\n\t\t\t\t\t\t<\/div>\n\t\t\t<\/div>\n\t\t<\/div>\n\t\t\t\t\t\t<\/div>\n\t\t\t<\/div>\n\t\t<\/section>\n\t\t\t\t<section class=\"elementor-element elementor-element-768e1f5 elementor-section-boxed elementor-section-height-default elementor-section-height-default elementor-section elementor-top-section\" data-id=\"768e1f5\" data-element_type=\"section\">\n\t\t\t\t\t\t<div class=\"elementor-container elementor-column-gap-default\">\n\t\t\t\t<div class=\"elementor-row\">\n\t\t\t\t<div class=\"elementor-element elementor-element-415677da elementor-column elementor-col-50 elementor-top-column\" data-id=\"415677da\" data-element_type=\"column\">\n\t\t\t<div class=\"elementor-column-wrap  elementor-element-populated\">\n\t\t\t\t\t<div class=\"elementor-widget-wrap\">\n\t\t\t\t<div class=\"elementor-element elementor-element-2c1478dd elementor-widget elementor-widget-image\" data-id=\"2c1478dd\" data-element_type=\"widget\" data-widget_type=\"image.default\">\n\t\t\t\t<div class=\"elementor-widget-container\">\n\t\t\t\t\t<div class=\"elementor-image\">\n\t\t\t\t\t\t\t\t\t\t<img decoding=\"async\" src=\"https:\/\/focusonpack.com\/wp-content\/uploads\/elementor\/thumbs\/4000-px5qdzj2x3iuorqvrmlxpm6xlam8j4pmqhu898b1zk.jpg\" title=\"4000\" alt=\"4000\" \/>\t\t\t\t\t\t\t\t\t\t\t<\/div>\n\t\t\t\t<\/div>\n\t\t\t\t<\/div>\n\t\t\t\t\t\t<\/div>\n\t\t\t<\/div>\n\t\t<\/div>\n\t\t\t\t<div class=\"elementor-element elementor-element-4f34a935 elementor-column elementor-col-50 elementor-top-column\" data-id=\"4f34a935\" data-element_type=\"column\">\n\t\t\t<div class=\"elementor-column-wrap  elementor-element-populated\">\n\t\t\t\t\t<div class=\"elementor-widget-wrap\">\n\t\t\t\t<div class=\"elementor-element elementor-element-2853319f elementor-widget elementor-widget-heading\" data-id=\"2853319f\" data-element_type=\"widget\" data-widget_type=\"heading.default\">\n\t\t\t\t<div class=\"elementor-widget-container\">\n\t\t\t<h3 class=\"elementor-heading-title elementor-size-default\">Linha de \u00e1gua 4000bph<\/h3>\t\t<\/div>\n\t\t\t\t<\/div>\n\t\t\t\t<div class=\"elementor-element elementor-element-10286dac elementor-widget elementor-widget-text-editor\" data-id=\"10286dac\" data-element_type=\"widget\" data-widget_type=\"text-editor.default\">\n\t\t\t\t<div class=\"elementor-widget-container\">\n\t\t\t\t\t<div class=\"elementor-text-editor elementor-clearfix\"><p>Esta m\u00e1quina autom\u00e1tica de enchimento de garrafas de \u00e1gua \u00e9 uma m\u00e1quina de enchimento rotativa totalmente autom\u00e1tica para enchimento de garrafas de \u00e1gua e bebidas n\u00e3o carbonatadas que s\u00e3o embaladas em garrafas de pl\u00e1stico que variam de 200ml a 1500ml, que inclui 14 v\u00e1lvulas de enxaguamento, 12 cabe\u00e7as de enchimento e 5 conjuntos de cabe\u00e7a de tampa, Velocidade de 4000 a 5000 garrafas por hora pode ser alcan\u00e7ada nesta m\u00e1quina autom\u00e1tica de enchimento de \u00e1gua dur\u00e1vel e fi\u00e1vel.<\/p><\/div>\n\t\t\t\t<\/div>\n\t\t\t\t<\/div>\n\t\t\t\t<div class=\"elementor-element elementor-element-321aefc1 elementor-widget elementor-widget-button\" data-id=\"321aefc1\" data-element_type=\"widget\" data-widget_type=\"button.default\">\n\t\t\t\t<div class=\"elementor-widget-container\">\n\t\t\t\t\t<div class=\"elementor-button-wrapper\">\n\t\t\t<a href=\"https:\/\/focusonpack.com\/pt\/produtos\/linha-de-producao-de-agua\/4000bph-water-line\/\" class=\"elementor-button-link elementor-button elementor-size-sm\" role=\"button\">\n\t\t\t\t\t\t<span class=\"elementor-button-content-wrapper\">\n\t\t\t\t\t\t<span class=\"elementor-button-text\">Mais<\/span>\n\t\t<\/span>\n\t\t\t\t\t<\/a>\n\t\t<\/div>\n\t\t\t\t<\/div>\n\t\t\t\t<\/div>\n\t\t\t\t\t\t<\/div>\n\t\t\t<\/div>\n\t\t<\/div>\n\t\t\t\t\t\t<\/div>\n\t\t\t<\/div>\n\t\t<\/section>\n\t\t\t\t<section class=\"elementor-element elementor-element-17ee1bc elementor-section-boxed elementor-section-height-default elementor-section-height-default elementor-section elementor-top-section\" data-id=\"17ee1bc\" data-element_type=\"section\">\n\t\t\t\t\t\t<div class=\"elementor-container elementor-column-gap-default\">\n\t\t\t\t<div class=\"elementor-row\">\n\t\t\t\t<div class=\"elementor-element elementor-element-71431644 elementor-column elementor-col-100 elementor-top-column\" data-id=\"71431644\" data-element_type=\"column\">\n\t\t\t<div class=\"elementor-column-wrap  elementor-element-populated\">\n\t\t\t\t\t<div class=\"elementor-widget-wrap\">\n\t\t\t\t<div class=\"elementor-element elementor-element-3431bfd1 elementor-widget elementor-widget-divider\" data-id=\"3431bfd1\" data-element_type=\"widget\" data-widget_type=\"divider.default\">\n\t\t\t\t<div class=\"elementor-widget-container\">\n\t\t\t\t\t<div class=\"elementor-divider\">\n\t\t\t<span class=\"elementor-divider-separator\">\n\t\t\t\t\t\t<\/span>\n\t\t<\/div>\n\t\t\t\t<\/div>\n\t\t\t\t<\/div>\n\t\t\t\t\t\t<\/div>\n\t\t\t<\/div>\n\t\t<\/div>\n\t\t\t\t\t\t<\/div>\n\t\t\t<\/div>\n\t\t<\/section>\n\t\t\t\t<section class=\"elementor-element elementor-element-6d4b9f16 elementor-section-boxed elementor-section-height-default elementor-section-height-default elementor-section elementor-top-section\" data-id=\"6d4b9f16\" data-element_type=\"section\">\n\t\t\t\t\t\t<div class=\"elementor-container elementor-column-gap-default\">\n\t\t\t\t<div class=\"elementor-row\">\n\t\t\t\t<div class=\"elementor-element elementor-element-3529c6c2 elementor-column elementor-col-50 elementor-top-column\" data-id=\"3529c6c2\" data-element_type=\"column\">\n\t\t\t<div class=\"elementor-column-wrap  elementor-element-populated\">\n\t\t\t\t\t<div class=\"elementor-widget-wrap\">\n\t\t\t\t<div class=\"elementor-element elementor-element-4ad47502 elementor-widget elementor-widget-image\" data-id=\"4ad47502\" data-element_type=\"widget\" data-widget_type=\"image.default\">\n\t\t\t\t<div class=\"elementor-widget-container\">\n\t\t\t\t\t<div class=\"elementor-image\">\n\t\t\t\t\t\t\t\t\t\t<img loading=\"lazy\" decoding=\"async\" width=\"310\" height=\"209\" src=\"https:\/\/focusonpack.com\/wp-content\/uploads\/2022\/11\/6000.jpg\" class=\"attachment-full size-full\" alt=\"\" srcset=\"https:\/\/focusonpack.com\/wp-content\/uploads\/2022\/11\/6000.jpg 310w, https:\/\/focusonpack.com\/wp-content\/uploads\/2022\/11\/6000-300x202.jpg 300w\" sizes=\"auto, (max-width: 310px) 100vw, 310px\" \/>\t\t\t\t\t\t\t\t\t\t\t<\/div>\n\t\t\t\t<\/div>\n\t\t\t\t<\/div>\n\t\t\t\t\t\t<\/div>\n\t\t\t<\/div>\n\t\t<\/div>\n\t\t\t\t<div class=\"elementor-element elementor-element-3cd9a75e elementor-column elementor-col-50 elementor-top-column\" data-id=\"3cd9a75e\" data-element_type=\"column\">\n\t\t\t<div class=\"elementor-column-wrap  elementor-element-populated\">\n\t\t\t\t\t<div class=\"elementor-widget-wrap\">\n\t\t\t\t<div class=\"elementor-element elementor-element-449c9a78 elementor-widget elementor-widget-heading\" data-id=\"449c9a78\" data-element_type=\"widget\" data-widget_type=\"heading.default\">\n\t\t\t\t<div class=\"elementor-widget-container\">\n\t\t\t<h3 class=\"elementor-heading-title elementor-size-default\">Linha de \u00e1gua 6000bph<\/h3>\t\t<\/div>\n\t\t\t\t<\/div>\n\t\t\t\t<div class=\"elementor-element elementor-element-613c1658 elementor-widget elementor-widget-text-editor\" data-id=\"613c1658\" data-element_type=\"widget\" data-widget_type=\"text-editor.default\">\n\t\t\t\t<div class=\"elementor-widget-container\">\n\t\t\t\t\t<div class=\"elementor-text-editor elementor-clearfix\"><p>Este equipamento de \u00e1gua engarrafada \u00e9 proposto como uma m\u00e1quina de enchimento e selagem monobloco totalmente autom\u00e1tica com um elevado grau de flexibilidade e modularidade, esta m\u00e1quina permite combina\u00e7\u00f5es compactas e eficazes para satisfazer at\u00e9 os requisitos de enchimento mais rigorosos e foi concebida para encher garrafas de \u00e1gua pot\u00e1vel e de \u00e1gua. Esta m\u00e1quina permite combina\u00e7\u00f5es compactas e eficazes para satisfazer at\u00e9 os mais rigorosos requisitos de enchimento, e foi concebida para encher garrafas de \u00e1gua pot\u00e1vel e de \u00e1gua. Esta m\u00e1quina de enchimento de garrafas de \u00e1gua inclui 16 bicos de enxaguamento, 16 cabe\u00e7as de enchimento e 5 conjuntos de cabe\u00e7as de tampa. 6000 m\u00e1quina de enchimento de garrafas de \u00e1gua com um elevado grau de flexibilidade e modularidade. 5 conjuntos de cabe\u00e7a de tampa. 6000 a 7000 garrafas por hora podem ser alcan\u00e7adas por hora.\u00a0<\/p><\/div>\n\t\t\t\t<\/div>\n\t\t\t\t<\/div>\n\t\t\t\t<div class=\"elementor-element elementor-element-431e71b elementor-widget elementor-widget-button\" data-id=\"431e71b\" data-element_type=\"widget\" data-widget_type=\"button.default\">\n\t\t\t\t<div class=\"elementor-widget-container\">\n\t\t\t\t\t<div class=\"elementor-button-wrapper\">\n\t\t\t<a href=\"https:\/\/focusonpack.com\/pt\/produtos\/linha-de-producao-de-agua\/6000bph-water-line\/\" class=\"elementor-button-link elementor-button elementor-size-sm\" role=\"button\">\n\t\t\t\t\t\t<span class=\"elementor-button-content-wrapper\">\n\t\t\t\t\t\t<span class=\"elementor-button-text\">Mais<\/span>\n\t\t<\/span>\n\t\t\t\t\t<\/a>\n\t\t<\/div>\n\t\t\t\t<\/div>\n\t\t\t\t<\/div>\n\t\t\t\t\t\t<\/div>\n\t\t\t<\/div>\n\t\t<\/div>\n\t\t\t\t\t\t<\/div>\n\t\t\t<\/div>\n\t\t<\/section>\n\t\t\t\t\t\t<\/div>\n\t\t\t<\/div>\n\t\t<\/div>","protected":false},"excerpt":{"rendered":"<p>2000bph Water Line This series&hellip;<\/p>","protected":false},"author":1,"featured_media":0,"parent":2360,"menu_order":0,"comment_status":"closed","ping_status":"closed","template":"elementor_header_footer","meta":{"footnotes":""},"class_list":["post-3908","page","type-page","status-publish","hentry","no-thumb"],"yoast_head":"<!-- This site is optimized with the Yoast SEO plugin v24.8.1 - https:\/\/yoast.com\/wordpress\/plugins\/seo\/ -->\n<title>Water Production Line - Focus on pack<\/title>\n<meta name=\"robots\" content=\"index, follow, max-snippet:-1, max-image-preview:large, max-video-preview:-1\" \/>\n<link rel=\"canonical\" href=\"https:\/\/focusonpack.com\/pt\/produtos\/linha-de-producao-de-agua\/\" \/>\n<meta property=\"og:locale\" content=\"pt_PT\" \/>\n<meta property=\"og:type\" content=\"article\" \/>\n<meta property=\"og:title\" content=\"Water Production Line - Focus on pack\" \/>\n<meta property=\"og:description\" content=\"2000bph Water Line This series&hellip;\" \/>\n<meta property=\"og:url\" content=\"https:\/\/focusonpack.com\/pt\/produtos\/linha-de-producao-de-agua\/\" \/>\n<meta property=\"og:site_name\" content=\"Focus on pack\" \/>\n<meta property=\"article:modified_time\" content=\"2022-11-03T07:49:23+00:00\" \/>\n<meta property=\"og:image\" content=\"https:\/\/focusonpack.com\/wp-content\/uploads\/2022\/11\/2000bph.jpg\" \/>\n<meta name=\"twitter:card\" content=\"summary_large_image\" \/>\n<meta name=\"twitter:label1\" content=\"Est. reading time\" \/>\n\t<meta name=\"twitter:data1\" content=\"1 minuto\" \/>\n<script type=\"application\/ld+json\" class=\"yoast-schema-graph\">{\"@context\":\"https:\/\/schema.org\",\"@graph\":[{\"@type\":\"WebPage\",\"@id\":\"https:\/\/focusonpack.com\/products\/water-production-line\/\",\"url\":\"https:\/\/focusonpack.com\/products\/water-production-line\/\",\"name\":\"Water Production Line - Focus on pack\",\"isPartOf\":{\"@id\":\"https:\/\/focusonpack.com\/#website\"},\"primaryImageOfPage\":{\"@id\":\"https:\/\/focusonpack.com\/products\/water-production-line\/#primaryimage\"},\"image\":{\"@id\":\"https:\/\/focusonpack.com\/products\/water-production-line\/#primaryimage\"},\"thumbnailUrl\":\"https:\/\/focusonpack.com\/wp-content\/uploads\/2022\/11\/2000bph.jpg\",\"datePublished\":\"2022-11-03T06:25:45+00:00\",\"dateModified\":\"2022-11-03T07:49:23+00:00\",\"breadcrumb\":{\"@id\":\"https:\/\/focusonpack.com\/products\/water-production-line\/#breadcrumb\"},\"inLanguage\":\"pt-PT\",\"potentialAction\":[{\"@type\":\"ReadAction\",\"target\":[\"https:\/\/focusonpack.com\/products\/water-production-line\/\"]}]},{\"@type\":\"ImageObject\",\"inLanguage\":\"pt-PT\",\"@id\":\"https:\/\/focusonpack.com\/products\/water-production-line\/#primaryimage\",\"url\":\"https:\/\/focusonpack.com\/wp-content\/uploads\/2022\/11\/2000bph.jpg\",\"contentUrl\":\"https:\/\/focusonpack.com\/wp-content\/uploads\/2022\/11\/2000bph.jpg\"},{\"@type\":\"BreadcrumbList\",\"@id\":\"https:\/\/focusonpack.com\/products\/water-production-line\/#breadcrumb\",\"itemListElement\":[{\"@type\":\"ListItem\",\"position\":1,\"name\":\"\u9996\u9875\",\"item\":\"https:\/\/focusonpack.com\/\"},{\"@type\":\"ListItem\",\"position\":2,\"name\":\"Products\",\"item\":\"https:\/\/focusonpack.com\/products\/\"},{\"@type\":\"ListItem\",\"position\":3,\"name\":\"Water Production Line\"}]},{\"@type\":\"WebSite\",\"@id\":\"https:\/\/focusonpack.com\/#website\",\"url\":\"https:\/\/focusonpack.com\/\",\"name\":\"Focus on pack\",\"description\":\"\",\"potentialAction\":[{\"@type\":\"SearchAction\",\"target\":{\"@type\":\"EntryPoint\",\"urlTemplate\":\"https:\/\/focusonpack.com\/?s={search_term_string}\"},\"query-input\":{\"@type\":\"PropertyValueSpecification\",\"valueRequired\":true,\"valueName\":\"search_term_string\"}}],\"inLanguage\":\"pt-PT\"}]}<\/script>\n<!-- \/ Yoast SEO plugin. -->","yoast_head_json":{"title":"Water Production Line - Focus on pack","robots":{"index":"index","follow":"follow","max-snippet":"max-snippet:-1","max-image-preview":"max-image-preview:large","max-video-preview":"max-video-preview:-1"},"canonical":"https:\/\/focusonpack.com\/pt\/produtos\/linha-de-producao-de-agua\/","og_locale":"pt_PT","og_type":"article","og_title":"Water Production Line - Focus on pack","og_description":"2000bph Water Line This series&hellip;","og_url":"https:\/\/focusonpack.com\/pt\/produtos\/linha-de-producao-de-agua\/","og_site_name":"Focus on pack","article_modified_time":"2022-11-03T07:49:23+00:00","og_image":[{"url":"https:\/\/focusonpack.com\/wp-content\/uploads\/2022\/11\/2000bph.jpg","type":"","width":"","height":""}],"twitter_card":"summary_large_image","twitter_misc":{"Est. reading time":"1 minuto"},"schema":{"@context":"https:\/\/schema.org","@graph":[{"@type":"WebPage","@id":"https:\/\/focusonpack.com\/products\/water-production-line\/","url":"https:\/\/focusonpack.com\/products\/water-production-line\/","name":"Water Production Line - Focus on pack","isPartOf":{"@id":"https:\/\/focusonpack.com\/#website"},"primaryImageOfPage":{"@id":"https:\/\/focusonpack.com\/products\/water-production-line\/#primaryimage"},"image":{"@id":"https:\/\/focusonpack.com\/products\/water-production-line\/#primaryimage"},"thumbnailUrl":"https:\/\/focusonpack.com\/wp-content\/uploads\/2022\/11\/2000bph.jpg","datePublished":"2022-11-03T06:25:45+00:00","dateModified":"2022-11-03T07:49:23+00:00","breadcrumb":{"@id":"https:\/\/focusonpack.com\/products\/water-production-line\/#breadcrumb"},"inLanguage":"pt-PT","potentialAction":[{"@type":"ReadAction","target":["https:\/\/focusonpack.com\/products\/water-production-line\/"]}]},{"@type":"ImageObject","inLanguage":"pt-PT","@id":"https:\/\/focusonpack.com\/products\/water-production-line\/#primaryimage","url":"https:\/\/focusonpack.com\/wp-content\/uploads\/2022\/11\/2000bph.jpg","contentUrl":"https:\/\/focusonpack.com\/wp-content\/uploads\/2022\/11\/2000bph.jpg"},{"@type":"BreadcrumbList","@id":"https:\/\/focusonpack.com\/products\/water-production-line\/#breadcrumb","itemListElement":[{"@type":"ListItem","position":1,"name":"\u9996\u9875","item":"https:\/\/focusonpack.com\/"},{"@type":"ListItem","position":2,"name":"Products","item":"https:\/\/focusonpack.com\/products\/"},{"@type":"ListItem","position":3,"name":"Water Production Line"}]},{"@type":"WebSite","@id":"https:\/\/focusonpack.com\/#website","url":"https:\/\/focusonpack.com\/","name":"Focus on pack","description":"","potentialAction":[{"@type":"SearchAction","target":{"@type":"EntryPoint","urlTemplate":"https:\/\/focusonpack.com\/?s={search_term_string}"},"query-input":{"@type":"PropertyValueSpecification","valueRequired":true,"valueName":"search_term_string"}}],"inLanguage":"pt-PT"}]}},"_links":{"self":[{"href":"https:\/\/focusonpack.com\/pt\/wp-json\/wp\/v2\/pages\/3908","targetHints":{"allow":["GET"]}}],"collection":[{"href":"https:\/\/focusonpack.com\/pt\/wp-json\/wp\/v2\/pages"}],"about":[{"href":"https:\/\/focusonpack.com\/pt\/wp-json\/wp\/v2\/types\/page"}],"author":[{"embeddable":true,"href":"https:\/\/focusonpack.com\/pt\/wp-json\/wp\/v2\/users\/1"}],"replies":[{"embeddable":true,"href":"https:\/\/focusonpack.com\/pt\/wp-json\/wp\/v2\/comments?post=3908"}],"version-history":[{"count":5,"href":"https:\/\/focusonpack.com\/pt\/wp-json\/wp\/v2\/pages\/3908\/revisions"}],"predecessor-version":[{"id":3934,"href":"https:\/\/focusonpack.com\/pt\/wp-json\/wp\/v2\/pages\/3908\/revisions\/3934"}],"up":[{"embeddable":true,"href":"https:\/\/focusonpack.com\/pt\/wp-json\/wp\/v2\/pages\/2360"}],"wp:attachment":[{"href":"https:\/\/focusonpack.com\/pt\/wp-json\/wp\/v2\/media?parent=3908"}],"curies":[{"name":"wp","href":"https:\/\/api.w.org\/{rel}","templated":true}]}}